{"id":572,"date":"2020-06-14T16:42:57","date_gmt":"2020-06-14T14:42:57","guid":{"rendered":"https:\/\/www.lazaroi.ro\/pb\/?page_id=572"},"modified":"2024-12-03T18:31:39","modified_gmt":"2024-12-03T16:31:39","slug":"componenta","status":"publish","type":"page","link":"https:\/\/w2.prundubargaului.ro\/index.php\/componenta\/","title":{"rendered":"Componen\u021b\u0103"},"content":{"rendered":"[et_pb_section fb_built=&#8221;1&#8243; admin_label=&#8221;section&#8221; _builder_version=&#8221;4.16&#8243; global_colors_info=&#8221;{}&#8221;][et_pb_row admin_label=&#8221;row&#8221; _builder_version=&#8221;4.16&#8243; background_size=&#8221;initial&#8221; background_position=&#8221;top_left&#8221; background_repeat=&#8221;repeat&#8221; global_colors_info=&#8221;{}&#8221;][et_pb_column type=&#8221;4_4&#8243; _builder_version=&#8221;4.16&#8243; custom_padding=&#8221;|||&#8221; global_colors_info=&#8221;{}&#8221; custom_padding__hover=&#8221;|||&#8221;][et_pb_text admin_label=&#8221;Text&#8221; _builder_version=&#8221;4.16&#8243; background_size=&#8221;initial&#8221; background_position=&#8221;top_left&#8221; background_repeat=&#8221;repeat&#8221; hover_enabled=&#8221;0&#8243; global_colors_info=&#8221;{}&#8221; sticky_enabled=&#8221;0&#8243;]<p><\/p>\n<p>Autorit\u0103\u0163ile administra\u0163iei publice prin care se realizeaz\u0103 autonomia local\u0103 \u00een comun\u0103 sunt: Consiliul local, ca autoritate deliberativ\u0103 \u015fi Primarul ca autoritate executiv\u0103.<\/p>\n<p><\/p>\n<p><\/p>\n<p>Consiliile locale \u015fi primarii se aleg \u00een condi\u0163iile prev\u0103zute de legea privind alegerile locale.<\/p>\n<p><\/p>\n<p><\/p>\n<p>Consiliul local al comunei Prundu B\u00e2rg\u0103ului este compus din 15 consilieri:<\/p>\n<p><strong>Consilieri locali 2024 \u2013 2028<\/strong><\/p>\n<table width=\"100%\">\n<tbody>\n<tr>\n<td width=\"9%\">\n<p><strong>Nr. crt<\/strong><\/p>\n<\/td>\n<td width=\"44%\">\n<p><strong>Nume \u015fi prenume<\/strong><\/p>\n<\/td>\n<td width=\"46%\">\n<p><strong>Apartenen\u0163\u0103 politic\u0103<\/strong><\/p>\n<\/td>\n<\/tr>\n<tr>\n<td width=\"9%\">\n<p>1<\/p>\n<\/td>\n<td width=\"44%\">\n<p>AXENTE IULIAN<\/p>\n<\/td>\n<td width=\"46%\">\n<p>Partidul Social Democrat<\/p>\n<\/td>\n<\/tr>\n<tr>\n<td width=\"9%\">\n<p>2<\/p>\n<\/td>\n<td width=\"44%\">\n<p>BADIU AUREL<\/p>\n<\/td>\n<td width=\"46%\">\n<p>Partidul Na\u021bional Liberal<\/p>\n<\/td>\n<\/tr>\n<tr>\n<td width=\"9%\">\n<p>3<\/p>\n<\/td>\n<td width=\"44%\">\n<p>B\u0102LAN NICOLAE<\/p>\n<\/td>\n<td width=\"46%\">\n<p>Alian\u0163a Pentru Unirea Rom\u00e2nilor<\/p>\n<\/td>\n<\/tr>\n<tr>\n<td width=\"9%\">\n<p>4<\/p>\n<\/td>\n<td width=\"44%\">\n<p>BALAN RADU-FLORIN<\/p>\n<\/td>\n<td width=\"46%\">\n<p>Partidul Social Democrat<\/p>\n<\/td>\n<\/tr>\n<tr>\n<td width=\"9%\">\n<p>5<\/p>\n<\/td>\n<td width=\"44%\">\n<p>BURBULEA DELIA<\/p>\n<\/td>\n<td width=\"46%\">\n<p>Partidul Social Democrat<\/p>\n<\/td>\n<\/tr>\n<tr>\n<td width=\"9%\">\n<p>6<\/p>\n<\/td>\n<td width=\"44%\">\n<p>GIVAN DAN-ADRIAN<\/p>\n<\/td>\n<td width=\"46%\">\n<p>Partidul Social Democrat<\/p>\n<\/td>\n<\/tr>\n<tr>\n<td width=\"9%\">\n<p>7<\/p>\n<\/td>\n<td width=\"44%\">\n<p>MOI\u015eAN CORINA-MARINA<\/p>\n<\/td>\n<td width=\"46%\">\n<p>Partidul Social Democrat<\/p>\n<\/td>\n<\/tr>\n<tr>\n<td width=\"9%\">\n<p>8<\/p>\n<\/td>\n<td width=\"44%\">\n<p>MOISEAN ION<\/p>\n<\/td>\n<td width=\"46%\">\n<p>Partidul Social Democrat<\/p>\n<\/td>\n<\/tr>\n<tr>\n<td width=\"9%\">\n<p>9<\/p>\n<\/td>\n<td width=\"44%\">\n<p>POP IOAN<\/p>\n<\/td>\n<td width=\"46%\">\n<p>Partidul Social Democrat<\/p>\n<\/td>\n<\/tr>\n<tr>\n<td width=\"9%\">\n<p>10<\/p>\n<\/td>\n<td width=\"44%\">\n<p>POPA LAURA<\/p>\n<\/td>\n<td width=\"46%\">\n<p>Partidul Social Democrat<\/p>\n<\/td>\n<\/tr>\n<tr>\n<td width=\"9%\">\n<p>11<\/p>\n<\/td>\n<td width=\"44%\">\n<p>POPANDRON TIBERIU-IONU\u021a<\/p>\n<\/td>\n<td width=\"46%\">\n<p>Partidul Social Democrat<\/p>\n<\/td>\n<\/tr>\n<tr>\n<td width=\"9%\">\n<p>12<\/p>\n<\/td>\n<td width=\"44%\">\n<p>TALOI CRISTIAN-VASILE<\/p>\n<\/td>\n<td width=\"46%\">\n<p>Partidul Social Democrat<\/p>\n<\/td>\n<\/tr>\n<tr>\n<td width=\"9%\">\n<p>13<\/p>\n<\/td>\n<td width=\"44%\">\n<p>VLAD IOAN<\/p>\n<\/td>\n<td width=\"46%\">\n<p>Partidul Social Democrat<\/p>\n<\/td>\n<\/tr>\n<tr>\n<td width=\"9%\">\n<p>14<\/p>\n<\/td>\n<td width=\"44%\">\n<p>VLAD DANUT<\/p>\n<\/td>\n<td width=\"46%\">\n<p>Partidul Social Democrat<\/p>\n<\/td>\n<\/tr>\n<tr>\n<td width=\"9%\">\n<p>15<\/p>\n<\/td>\n<td width=\"44%\">\n<p>VLAD LEON<\/p>\n<\/td>\n<td width=\"46%\">\n<p>Partidul Social Democrat<\/p>\n<\/td>\n<\/tr>\n<\/tbody>\n<\/table>\n<p>&nbsp;<\/p>\n<p>&nbsp;<\/p>\n<p><\/p>\n<p><\/p>\n<p>Consilieri locali 2020 \u2013 2024<\/p>\n<p><\/p>\n<p><\/p>\n<figure class=\"wp-block-table\">\n<table>\n<tbody>\n<tr>\n<td><strong>Nr. crt<\/strong><\/td>\n<td><strong>Nume \u0219i prenume<\/strong><\/td>\n<td><strong>Apartenen\u021b\u0103 politic\u0103<\/strong><\/td>\n<\/tr>\n<tr>\n<td><strong>1.<\/strong><\/td>\n<td>AXENTE IONU\u021a<\/td>\n<td>PSD<\/td>\n<\/tr>\n<tr>\n<td>2<\/td>\n<td>AXENTE IULIAN<\/td>\n<td>PSD<\/td>\n<\/tr>\n<tr>\n<td>3<\/td>\n<td>B\u0102LAN NICOLAE<\/td>\n<td>PNL<\/td>\n<\/tr>\n<tr>\n<td>4<\/td>\n<td>B\u0102LAN RADU &#8211; FLORIN<\/td>\n<td>PSD<\/td>\n<\/tr>\n<tr>\n<td>5<\/td>\n<td>BOZGA DANIEL-VALENTIN<\/td>\n<td>PSD<\/td>\n<\/tr>\n<tr>\n<td>6<\/td>\n<td>CIONCAN IOAN<\/td>\n<td>PNL<\/td>\n<\/tr>\n<tr>\n<td>7<\/td>\n<td>CIUREA FLORIN<\/td>\n<td>PSD<\/td>\n<\/tr>\n<tr>\n<td>8<\/td>\n<td>G\u00ceVAN DAN-ADRIAN<\/td>\n<td>PRO ROM\u00c2NIA<\/td>\n<\/tr>\n<tr>\n<td>9<\/td>\n<td>MOI\u0218AN CORINA-MARINA<\/td>\n<td>PSD<\/td>\n<\/tr>\n<tr>\n<td>10<\/td>\n<td>PAVELEAN ANDREI<\/td>\n<td>USR<\/td>\n<\/tr>\n<tr>\n<td>11<\/td>\n<td>POP IOAN<\/td>\n<td>ALDE<\/td>\n<\/tr>\n<tr>\n<td>12<\/td>\n<td>POPANDRON TIBERIU-IONU\u021a<\/td>\n<td>PSD<\/td>\n<\/tr>\n<tr>\n<td>13<\/td>\n<td>RAUS GEORGE-IOAN<\/td>\n<td>PMP<\/td>\n<\/tr>\n<tr>\n<td>14<\/td>\n<td>VLAD D\u0102NU\u021a<\/td>\n<td>PSD<\/td>\n<\/tr>\n<tr>\n<td>15<\/td>\n<td>VLAD LEON<\/td>\n<td>PSD<\/td>\n<\/tr>\n<\/tbody>\n<\/table>\n<\/figure>\n<p><\/p>\n<p><\/p>\n<p><\/p>\n<p><\/p>\n<p>Consilieri locali 2016 \u2013 2020<\/p>\n<p><\/p>\n<p><\/p>\n<p><\/p>\n<p><\/p>\n<figure class=\"wp-block-table\">\n<table>\n<tbody>\n<tr>\n<td><strong>Nr. crt<\/strong><\/td>\n<td><strong>Nume \u0219i prenume<\/strong><\/td>\n<td><strong>Apartenen\u021b\u0103 politic\u0103<\/strong><\/td>\n<\/tr>\n<tr>\n<td><strong>1.<\/strong><\/td>\n<td>AXENTE IULIAN<\/td>\n<td>PSD<\/td>\n<\/tr>\n<tr>\n<td>2<\/td>\n<td>B\u0102LAN RADU-FLORIN<\/td>\n<td>PSD<\/td>\n<\/tr>\n<tr>\n<td>3<\/td>\n<td>BOZGA DANIEL-VALENTIN<\/td>\n<td>PSD<\/td>\n<\/tr>\n<tr>\n<td>4<\/td>\n<td>BUJOR BENONE-MARCEL<\/td>\n<td>PSD<\/td>\n<\/tr>\n<tr>\n<td>5<\/td>\n<td>CIONCAN IOAN<\/td>\n<td>PNL<\/td>\n<\/tr>\n<tr>\n<td>6<\/td>\n<td>CIUREA FLORIN<\/td>\n<td>PSD<\/td>\n<\/tr>\n<tr>\n<td>7<\/td>\n<td>FORFOT\u0102 OVIDIU-MARIAN<\/td>\n<td>PSD<\/td>\n<\/tr>\n<tr>\n<td>8<\/td>\n<td>HALOST\u0102 VASILIC\u0102<\/td>\n<td>PNL<\/td>\n<\/tr>\n<tr>\n<td>9<\/td>\n<td>MOI\u0218AN CORINA-MARINA<\/td>\n<td>PSD<\/td>\n<\/tr>\n<tr>\n<td>10<\/td>\n<td>POPANDRON TIBERIU-IONU\u021a<\/td>\n<td>PSD<\/td>\n<\/tr>\n<tr>\n<td>11<\/td>\n<td>R\u00ceNZI\u0218 ANDREI<\/td>\n<td>PSD<\/td>\n<\/tr>\n<tr>\n<td>12<\/td>\n<td>SAS FLORIN-SIMION<\/td>\n<td>PSD<\/td>\n<\/tr>\n<tr>\n<td>13<\/td>\n<td>VLAD D\u0102NU\u021a<\/td>\n<td>PSD<\/td>\n<\/tr>\n<tr>\n<td>14<\/td>\n<td>VLAD GEORGE<\/td>\n<td>PSD<\/td>\n<\/tr>\n<tr>\n<td>15<\/td>\n<td>VLAD LEON<\/td>\n<td>PSD<\/td>\n<\/tr>\n<\/tbody>\n<\/table>\n<\/figure>\n<p><\/p>[\/et_pb_text][\/et_pb_column][\/et_pb_row][\/et_pb_section]","protected":false},"excerpt":{"rendered":"<p>Autorit\u0103\u0163ile administra\u0163iei publice prin care se realizeaz\u0103 autonomia local\u0103 \u00een comun\u0103 sunt: Consiliul local, ca autoritate deliberativ\u0103 \u015fi Primarul ca autoritate executiv\u0103. Consiliile locale \u015fi primarii se aleg \u00een condi\u0163iile prev\u0103zute de legea privind alegerile locale. Consiliul local al comunei Prundu B\u00e2rg\u0103ului este compus din 15 consilieri: Consilieri locali 2024 \u2013 2028 Nr. crt Nume [&hellip;]<\/p>\n","protected":false},"author":2,"featured_media":0,"parent":0,"menu_order":0,"comment_status":"closed","ping_status":"closed","template":"","meta":{"_et_pb_use_builder":"on","_et_pb_old_content":"<!-- wp:paragraph -->\n<p>Autorit\u0103\u0163ile administra\u0163iei publice prin care se realizeaz\u0103 autonomia local\u0103 \u00een comun\u0103 sunt: Consiliul local, ca autoritate deliberativ\u0103 \u015fi Primarul ca autoritate executiv\u0103.<\/p>\n<!-- \/wp:paragraph -->\n\n<!-- wp:paragraph -->\n<p>Consiliile locale \u015fi primarii se aleg \u00een condi\u0163iile prev\u0103zute de legea privind alegerile locale.<\/p>\n<!-- \/wp:paragraph -->\n\n<!-- wp:paragraph -->\n<p>Consiliul local al comunei Prundu B\u00e2rg\u0103ului este compus din 15 consilieri:<\/p>\n<!-- \/wp:paragraph -->\n\n<!-- wp:paragraph -->\n<p>Consilieri locali 2020 \u2013 2024<\/p>\n<!-- \/wp:paragraph -->\n\n<!-- wp:table -->\n<figure class=\"wp-block-table\"><table><tbody><tr><td><strong>Nr. crt<\/strong><\/td><td><strong>Nume \u0219i prenume<\/strong><\/td><td><strong>Apartenen\u021b\u0103 politic\u0103<\/strong><\/td><\/tr><tr><td><strong>1.<\/strong><\/td><td>AXENTE IONU\u021a<\/td><td>PSD<\/td><\/tr><tr><td>2<\/td><td>AXENTE IULIAN<\/td><td>PSD<\/td><\/tr><tr><td>3<\/td><td>B\u0102LAN NICOLAE<\/td><td>PNL<\/td><\/tr><tr><td>4<\/td><td>B\u0102LAN RADU - FLORIN <\/td><td>PSD<\/td><\/tr><tr><td>5<\/td><td>BOZGA DANIEL-VALENTIN <\/td><td>PSD<\/td><\/tr><tr><td>6<\/td><td>CIONCAN IOAN<\/td><td>PNL<\/td><\/tr><tr><td>7<\/td><td>CIUREA FLORIN<\/td><td>PSD<\/td><\/tr><tr><td>8<\/td><td>G\u00ceVAN DAN-ADRIAN<\/td><td>PRO ROM\u00c2NIA<\/td><\/tr><tr><td>9<\/td><td>MOI\u0218AN CORINA-MARINA<\/td><td>PSD<\/td><\/tr><tr><td>10<\/td><td>PAVELEAN ANDREI<\/td><td>USR<\/td><\/tr><tr><td>11<\/td><td>POP IOAN<\/td><td>ALDE<\/td><\/tr><tr><td>12<\/td><td>POPANDRON TIBERIU-IONU\u021a<\/td><td>PSD<\/td><\/tr><tr><td>13<\/td><td>RAUS GEORGE-IOAN<\/td><td>PMP<\/td><\/tr><tr><td>14<\/td><td>VLAD D\u0102NU\u021a<\/td><td>PSD<\/td><\/tr><tr><td>15<\/td><td>VLAD LEON<\/td><td>PSD<\/td><\/tr><\/tbody><\/table><\/figure>\n<!-- \/wp:table -->\n\n<!-- wp:paragraph -->\n<p><\/p>\n<!-- \/wp:paragraph -->\n\n<!-- wp:paragraph -->\n<p>Consilieri locali 2016 \u2013 2020<\/p>\n<!-- \/wp:paragraph -->\n\n<!-- wp:paragraph -->\n<p><\/p>\n<!-- \/wp:paragraph -->\n\n<!-- wp:table -->\n<figure class=\"wp-block-table\"><table><tbody><tr><td><strong>Nr. crt<\/strong><\/td><td><strong>Nume \u0219i prenume<\/strong><\/td><td><strong>Apartenen\u021b\u0103 politic\u0103<\/strong><\/td><\/tr><tr><td><strong>1.<\/strong><\/td><td>AXENTE IULIAN<\/td><td>PSD<\/td><\/tr><tr><td>2<\/td><td>B\u0102LAN RADU-FLORIN<\/td><td>PSD<\/td><\/tr><tr><td>3<\/td><td>BOZGA DANIEL-VALENTIN<\/td><td>PSD<\/td><\/tr><tr><td>4<\/td><td>BUJOR BENONE-MARCEL<\/td><td>PSD<\/td><\/tr><tr><td>5<\/td><td>CIONCAN IOAN<\/td><td>PNL<\/td><\/tr><tr><td>6<\/td><td>CIUREA FLORIN<\/td><td>PSD<\/td><\/tr><tr><td>7<\/td><td>FORFOT\u0102 OVIDIU-MARIAN<\/td><td>PSD<\/td><\/tr><tr><td>8<\/td><td>HALOST\u0102 VASILIC\u0102<\/td><td>PNL<\/td><\/tr><tr><td>9<\/td><td>MOI\u0218AN CORINA-MARINA<\/td><td>PSD<\/td><\/tr><tr><td>10<\/td><td>POPANDRON TIBERIU-IONU\u021a<\/td><td>PSD<\/td><\/tr><tr><td>11<\/td><td>R\u00ceNZI\u0218 ANDREI<\/td><td>PSD<\/td><\/tr><tr><td>12<\/td><td>SAS FLORIN-SIMION<\/td><td>PSD<\/td><\/tr><tr><td>13<\/td><td>VLAD D\u0102NU\u021a<\/td><td>PSD<\/td><\/tr><tr><td>14<\/td><td>VLAD GEORGE<\/td><td>PSD<\/td><\/tr><tr><td>15<\/td><td>VLAD LEON<\/td><td>PSD<\/td><\/tr><\/tbody><\/table><\/figure>\n<!-- \/wp:table -->","_et_gb_content_width":"1920","footnotes":""},"class_list":["post-572","page","type-page","status-publish","hentry"],"_links":{"self":[{"href":"https:\/\/w2.prundubargaului.ro\/index.php\/wp-json\/wp\/v2\/pages\/572","targetHints":{"allow":["GET"]}}],"collection":[{"href":"https:\/\/w2.prundubargaului.ro\/index.php\/wp-json\/wp\/v2\/pages"}],"about":[{"href":"https:\/\/w2.prundubargaului.ro\/index.php\/wp-json\/wp\/v2\/types\/page"}],"author":[{"embeddable":true,"href":"https:\/\/w2.prundubargaului.ro\/index.php\/wp-json\/wp\/v2\/users\/2"}],"replies":[{"embeddable":true,"href":"https:\/\/w2.prundubargaului.ro\/index.php\/wp-json\/wp\/v2\/comments?post=572"}],"version-history":[{"count":0,"href":"https:\/\/w2.prundubargaului.ro\/index.php\/wp-json\/wp\/v2\/pages\/572\/revisions"}],"wp:attachment":[{"href":"https:\/\/w2.prundubargaului.ro\/index.php\/wp-json\/wp\/v2\/media?parent=572"}],"curies":[{"name":"wp","href":"https:\/\/api.w.org\/{rel}","templated":true}]}}