{"id":578,"date":"2020-06-14T18:01:51","date_gmt":"2020-06-14T16:01:51","guid":{"rendered":"https:\/\/www.lazaroi.ro\/pb\/?page_id=578"},"modified":"2020-06-21T17:20:35","modified_gmt":"2020-06-21T15:20:35","slug":"despre-prundu-bargaului","status":"publish","type":"page","link":"https:\/\/w2.prundubargaului.ro\/index.php\/despre-prundu-bargaului\/","title":{"rendered":"Despre Prundu B\u00e2rg\u0103ului"},"content":{"rendered":"\n<p>     Situat\u0103 \u00eentr-un cadru geografic deosebit de pitoresc pe Valea B\u00e2rg\u0103ului, str\u0103juit\u0103 de cel mai \u00eenalt v\u00e2rf al Muntilor B\u00e2rg\u0103ului, v\u00e2rful Heniu, <strong>comuna<\/strong> <strong>Prundu B\u00e2rg\u0103ului<\/strong> are o suprafa\u021b\u0103 de peste 611 ha \u0219i grupeaz\u0103 pe teritoriul ei administrativ dou\u0103 sate: <strong>Prundu B\u00e2rg\u0103ului<\/strong> (re\u0219edin\u021ba comunei) \u0219i <strong>Susenii B\u00e2rg\u0103ului<\/strong>. <\/p>\n\n\n\n<figure class=\"wp-block-image size-large\"><img loading=\"lazy\" decoding=\"async\" width=\"1024\" height=\"500\" src=\"https:\/\/www.lazaroi.ro\/pb\/wp-content\/uploads\/2020\/06\/IMG_20200511_143246-1024x500.jpg\" alt=\"\" class=\"wp-image-807\" srcset=\"https:\/\/w2.prundubargaului.ro\/wp-content\/uploads\/2020\/06\/IMG_20200511_143246-1024x500.jpg 1024w, https:\/\/w2.prundubargaului.ro\/wp-content\/uploads\/2020\/06\/IMG_20200511_143246-300x146.jpg 300w, https:\/\/w2.prundubargaului.ro\/wp-content\/uploads\/2020\/06\/IMG_20200511_143246-768x375.jpg 768w, https:\/\/w2.prundubargaului.ro\/wp-content\/uploads\/2020\/06\/IMG_20200511_143246-1536x750.jpg 1536w, https:\/\/w2.prundubargaului.ro\/wp-content\/uploads\/2020\/06\/IMG_20200511_143246-2048x999.jpg 2048w, https:\/\/w2.prundubargaului.ro\/wp-content\/uploads\/2020\/06\/IMG_20200511_143246-1080x527.jpg 1080w\" sizes=\"(max-width: 1024px) 100vw, 1024px\" \/><\/figure>\n\n\n\n<p>     \u00cen partea de nord, comuna <strong>Prundu B\u00e2rg\u0103ului<\/strong> se \u00eenvecineaz\u0103 cu comunele Ilva Mic\u0103 \u0219i Le\u0219u, la vest cu comuna Josenii B\u00eerg\u0103ului, la sud cu comuna Livezile, iar la est cu comunele Tiha B\u00e2rg\u0103ului si Bistri\u021ba B\u00e2rg\u0103ului. <\/p>\n\n\n\n<p>     Fa\u021b\u0103 de comuna <strong>Prundu B\u00e2rg\u0103ului<\/strong>, ora\u0219ul cel mai apropiat \u0219i cu leg\u0103tur\u0103 direct\u0103 de comunicare este municipiul re\u0219edin\u021b\u0103 de jude\u021b, Bistri\u021ba, aflat la 21 de km, iar la 62 de kilometri se afl\u0103 ora\u0219ul Vatra Dornei. <\/p>\n","protected":false},"excerpt":{"rendered":"<p>Situat\u0103 \u00eentr-un cadru geografic deosebit de pitoresc pe Valea B\u00e2rg\u0103ului, str\u0103juit\u0103 de cel mai \u00eenalt v\u00e2rf al Muntilor B\u00e2rg\u0103ului, v\u00e2rful Heniu, comuna Prundu B\u00e2rg\u0103ului are o suprafa\u021b\u0103 de peste 611 ha \u0219i grupeaz\u0103 pe teritoriul ei administrativ dou\u0103 sate: Prundu B\u00e2rg\u0103ului (re\u0219edin\u021ba comunei) \u0219i Susenii B\u00e2rg\u0103ului. \u00cen partea de nord, comuna Prundu B\u00e2rg\u0103ului se \u00eenvecineaz\u0103 [&hellip;]<\/p>\n","protected":false},"author":2,"featured_media":0,"parent":0,"menu_order":0,"comment_status":"closed","ping_status":"closed","template":"","meta":{"_et_pb_use_builder":"off","_et_pb_old_content":"","_et_gb_content_width":"","footnotes":""},"class_list":["post-578","page","type-page","status-publish","hentry"],"_links":{"self":[{"href":"https:\/\/w2.prundubargaului.ro\/index.php\/wp-json\/wp\/v2\/pages\/578","targetHints":{"allow":["GET"]}}],"collection":[{"href":"https:\/\/w2.prundubargaului.ro\/index.php\/wp-json\/wp\/v2\/pages"}],"about":[{"href":"https:\/\/w2.prundubargaului.ro\/index.php\/wp-json\/wp\/v2\/types\/page"}],"author":[{"embeddable":true,"href":"https:\/\/w2.prundubargaului.ro\/index.php\/wp-json\/wp\/v2\/users\/2"}],"replies":[{"embeddable":true,"href":"https:\/\/w2.prundubargaului.ro\/index.php\/wp-json\/wp\/v2\/comments?post=578"}],"version-history":[{"count":0,"href":"https:\/\/w2.prundubargaului.ro\/index.php\/wp-json\/wp\/v2\/pages\/578\/revisions"}],"wp:attachment":[{"href":"https:\/\/w2.prundubargaului.ro\/index.php\/wp-json\/wp\/v2\/media?parent=578"}],"curies":[{"name":"wp","href":"https:\/\/api.w.org\/{rel}","templated":true}]}}