{"id":583,"date":"2020-06-14T18:02:51","date_gmt":"2020-06-14T16:02:51","guid":{"rendered":"https:\/\/www.lazaroi.ro\/pb\/?page_id=583"},"modified":"2020-06-21T17:25:22","modified_gmt":"2020-06-21T15:25:22","slug":"cultura","status":"publish","type":"page","link":"https:\/\/w2.prundubargaului.ro\/index.php\/cultura\/","title":{"rendered":"Cultur\u0103"},"content":{"rendered":"\n<p>Comuna Prundu B\u00e2rg\u0103ului este spa\u021biul unor tradi\u0163ii culturale \u015fi folclorice care, prin bog\u0103\u0163ia \u015fi frumuse\u0163ea lor, au st\u00e2rnit de-a lungul timpului interesul unor personalit\u0103\u0163i marcante din domeniul cultural.<\/p>\n\n\n\n<p>La Prundu B\u00e2rg\u0103ului exist\u0103 o bogat\u0103 via\u0163\u0103 cultural\u0103,\u00a0<strong>ansamblul &#8222;Plaiurile B\u00e2rg\u0103ului\u201d <\/strong>al\u00a0C\u0103minului Cultural din Prundufiind cel care valorific\u0103 crea\u0163ia popular\u0103 local\u0103. Ansamblul a luat fiin\u021b\u0103 \u00een urm\u0103 cu mai bine de 40 de ani fiind un simbol al V\u0103ii B\u00e2rg\u0103ului prin autenticitatea costumelor, a obiceiurilor \u0219i jocurilor populare str\u0103mo\u0219e\u0219ti.\u00a0Localnicii sunt buni c\u00e2nt\u0103re\u0163i la tri\u015fc\u0103 aici activ\u00e2nd o forma\u0163ie de tri\u015fca\u015fi.<\/p>\n\n\n\n<figure class=\"wp-block-image size-large\"><img loading=\"lazy\" decoding=\"async\" width=\"1024\" height=\"497\" src=\"https:\/\/www.lazaroi.ro\/pb\/wp-content\/uploads\/2020\/06\/Ansamblu-1024x497.jpg\" alt=\"\" class=\"wp-image-932\" srcset=\"https:\/\/w2.prundubargaului.ro\/wp-content\/uploads\/2020\/06\/Ansamblu-1024x497.jpg 1024w, https:\/\/w2.prundubargaului.ro\/wp-content\/uploads\/2020\/06\/Ansamblu-300x146.jpg 300w, https:\/\/w2.prundubargaului.ro\/wp-content\/uploads\/2020\/06\/Ansamblu-768x373.jpg 768w, https:\/\/w2.prundubargaului.ro\/wp-content\/uploads\/2020\/06\/Ansamblu-1536x745.jpg 1536w, https:\/\/w2.prundubargaului.ro\/wp-content\/uploads\/2020\/06\/Ansamblu-2048x994.jpg 2048w, https:\/\/w2.prundubargaului.ro\/wp-content\/uploads\/2020\/06\/Ansamblu-1080x524.jpg 1080w\" sizes=\"(max-width: 1024px) 100vw, 1024px\" \/><\/figure>\n\n\n\n<p>Comuna are \u0219i un dans popular unic &#8211; <strong>Ciof\u00e2ncu<\/strong> un dans tematic care aminte\u0219te de munca la p\u0103dure, una dintre principalele meserii din trecut ale localnicilor.<\/p>\n\n\n\n<p>Funda\u0163ia Cultural\u0103 &#8222;Valea B\u00e2rg\u0103ului&#8221; \u00ee\u0219i desf\u0103\u0219oar\u0103 activitatea tot la Prundu B\u00e2rg\u0103ului, cea mai important\u0103 activitate fiind organizarea <strong>Simpozionului Cultural al V\u0103ii B\u00e2rg\u0103ului<\/strong>, manifestare tradi\u0163ional\u0103 \u00eenceput\u0103 \u00een anul 1971, eveniment la care se aduc \u0219i se prezint\u0103 \u0219tiin\u021bifice importante din diferite domenii de cercetare.<\/p>\n\n\n\n<p>Dintre tradi\u0163iile specifice de pe Valea B\u00e2rg\u0103ului, nunta este cea mai \u00eenc\u0103rcat\u0103 de fast. Dru\u015fte, chem\u0103tori, stegari c\u0103lare, legatului drumului, str\u00e2nsul \u00een colac \u0219i datul g\u0103inii creeaz\u0103 din nunt\u0103 un adev\u0103rat spectacol. \u00cen timp, obiceiurile de nunt\u0103 s-au transformat \u00eentr-un eveniment unic &#8211; <strong>Alaiul Nun\u0163ilor de pe B\u00e2rg\u0103u<\/strong>, manifestare care se desf\u0103\u015foar\u0103 iarna \u0219i pune \u00een valoarea frumuse\u021bea nun\u021bilor tradi\u021bionale.<\/p>\n\n\n\n<p><strong>Festivalul Interna\u021bional de Folclor Regele Brazilor<\/strong> a \u00eenceput \u00een anul 1967 ca \u0219i concurs jude\u021bean de muzic\u0103 popular\u0103 \u0219i s-a desf\u0103\u0219urat \u00een toamna fiec\u0103rui an timp de aproape un deceniu \u00eentr-un amfiteatru natural din \u201ePasul Tihu\u021ba\u201d, la umbra Molidului Candelabru denumit de localnici \u201eRegele Brazilor\u201d. Dup\u0103 ce bradul a fost rupt de v\u00e2nt, concursul nu a mai avut loc \u0219i acesta a fost reluat \u00een urm\u0103 cu 18 ani \u0219i transformat \u00een singurul festival interna\u021bional care se desf\u0103\u0219oar\u0103 mediul rural.<\/p>\n","protected":false},"excerpt":{"rendered":"<p>Comuna Prundu B\u00e2rg\u0103ului este spa\u021biul unor tradi\u0163ii culturale \u015fi folclorice care, prin bog\u0103\u0163ia \u015fi frumuse\u0163ea lor, au st\u00e2rnit de-a lungul timpului interesul unor personalit\u0103\u0163i marcante din domeniul cultural. La Prundu B\u00e2rg\u0103ului exist\u0103 o bogat\u0103 via\u0163\u0103 cultural\u0103,\u00a0ansamblul &#8222;Plaiurile B\u00e2rg\u0103ului\u201d al\u00a0C\u0103minului Cultural din Prundufiind cel care valorific\u0103 crea\u0163ia popular\u0103 local\u0103. Ansamblul a luat fiin\u021b\u0103 \u00een urm\u0103 cu [&hellip;]<\/p>\n","protected":false},"author":2,"featured_media":0,"parent":0,"menu_order":0,"comment_status":"closed","ping_status":"closed","template":"","meta":{"_et_pb_use_builder":"off","_et_pb_old_content":"","_et_gb_content_width":"","footnotes":""},"class_list":["post-583","page","type-page","status-publish","hentry"],"_links":{"self":[{"href":"https:\/\/w2.prundubargaului.ro\/index.php\/wp-json\/wp\/v2\/pages\/583","targetHints":{"allow":["GET"]}}],"collection":[{"href":"https:\/\/w2.prundubargaului.ro\/index.php\/wp-json\/wp\/v2\/pages"}],"about":[{"href":"https:\/\/w2.prundubargaului.ro\/index.php\/wp-json\/wp\/v2\/types\/page"}],"author":[{"embeddable":true,"href":"https:\/\/w2.prundubargaului.ro\/index.php\/wp-json\/wp\/v2\/users\/2"}],"replies":[{"embeddable":true,"href":"https:\/\/w2.prundubargaului.ro\/index.php\/wp-json\/wp\/v2\/comments?post=583"}],"version-history":[{"count":0,"href":"https:\/\/w2.prundubargaului.ro\/index.php\/wp-json\/wp\/v2\/pages\/583\/revisions"}],"wp:attachment":[{"href":"https:\/\/w2.prundubargaului.ro\/index.php\/wp-json\/wp\/v2\/media?parent=583"}],"curies":[{"name":"wp","href":"https:\/\/api.w.org\/{rel}","templated":true}]}}