{"id":585,"date":"2020-06-14T18:03:10","date_gmt":"2020-06-14T16:03:10","guid":{"rendered":"https:\/\/www.lazaroi.ro\/pb\/?page_id=585"},"modified":"2020-06-21T17:24:51","modified_gmt":"2020-06-21T15:24:51","slug":"istorie","status":"publish","type":"page","link":"https:\/\/w2.prundubargaului.ro\/index.php\/istorie\/","title":{"rendered":"Istorie"},"content":{"rendered":"\n<p><strong>Profesorul Nicolae Dr\u0103gan<\/strong> afirm\u0103 despre originea cuv\u00e2ntului B\u00e2rg\u0103u c\u0103 ar avea origini slave, av\u00e2nd semnifica\u021bia de fund\u0103tur\u0103, v\u0103g\u0103un\u0103, \u021bin\u00e2nd cont c\u0103 \u0219i alte toponime locale provin din limba slav\u0103 (Bistri\u021ba, Miroslava \u0219i altele).<\/p>\n\n\n\n<p>\u00cen schimb, <strong>Titus Wachsmann-Hogiu<\/strong> \u00een lucrarea Mic ghid prin \u021aara B\u00e2rg\u0103ului, atribuie originea cuv\u00e2ntului B\u00e2rg\u0103u mo\u0219tenirii germane a zonei. Asta pentru c\u0103 ora\u0219ul s\u0103sesc Bistri\u021ba are o atestare documentar\u0103 mai veche dec\u00e2t satele V\u0103ii B\u00e2rg\u0103ului \u0219i presupune c\u0103 sa\u0219ii sunt cei care au dat numele pornind de la substantivul berg, care \u00eenseamn\u0103 munte sau din derivatele acestuia. Verbul bergen \u00eenseamna a t\u0103inui, a ascunde, a pune la ad\u0103post, ceea ce ar fi putut \u00eensemna pentru sa\u0219ii bistri\u021beni locul, muntele unde se pune ceva la ad\u0103post, unde se poate ascunde ceva. Este posibil ca numele s\u0103 provin\u0103 \u0219i de la bergan, care \u00eenseamn\u0103 deal, \u00een sus. \u00cen timp, litera n din cuv\u00e2ntul bergan devine u \u0219i astfel se ajunge la cuv\u00e2ntul b\u00e2rg\u0103u, care poate \u00eensemna \u0219i ascunz\u0103toare dar si la deal, \u00een sus, raportat la pozi\u021bia geografic\u0103 a Bistri\u021bei.<\/p>\n\n\n\n<figure class=\"wp-block-image size-large\"><img loading=\"lazy\" decoding=\"async\" width=\"1024\" height=\"518\" src=\"https:\/\/www.lazaroi.ro\/pb\/wp-content\/uploads\/2020\/06\/Monumentul-eroilor-1024x518.jpg\" alt=\"\" class=\"wp-image-931\" srcset=\"https:\/\/w2.prundubargaului.ro\/wp-content\/uploads\/2020\/06\/Monumentul-eroilor-1024x518.jpg 1024w, https:\/\/w2.prundubargaului.ro\/wp-content\/uploads\/2020\/06\/Monumentul-eroilor-300x152.jpg 300w, https:\/\/w2.prundubargaului.ro\/wp-content\/uploads\/2020\/06\/Monumentul-eroilor-768x389.jpg 768w, https:\/\/w2.prundubargaului.ro\/wp-content\/uploads\/2020\/06\/Monumentul-eroilor-1536x778.jpg 1536w, https:\/\/w2.prundubargaului.ro\/wp-content\/uploads\/2020\/06\/Monumentul-eroilor-2048x1037.jpg 2048w, https:\/\/w2.prundubargaului.ro\/wp-content\/uploads\/2020\/06\/Monumentul-eroilor-1080x547.jpg 1080w\" sizes=\"(max-width: 1024px) 100vw, 1024px\" \/><\/figure>\n\n\n\n<p>Teritoriile transilvane erau, dup\u0103 cucerirea maghiar\u0103, teritorii ale Majest\u0103\u021bii Sale Regelui Ungariei, care au \u0219i adus pe sa\u0219i ca oaspe\u021bi \u0219i le-a d\u0103ruit p\u0103m\u00e2nturi pe care s\u0103 le lucreze, s\u0103 le apere \u0219i de la care s\u0103 primeasc\u0103 impozite.<\/p>\n\n\n\n<p>Probabil c\u0103, prelu\u00e2nd toponimul de la sa\u0219ii deja a\u0219eza\u021bi la Bistri\u021ba \u0219i \u00een jurul ei, maghiarii au preluat numele de B\u00e2rg\u0103u sub forma Borgo. Locuitorii se numesc b\u00e2rg\u0103uani.<\/p>\n\n\n\n<p><strong>Cercet\u0103rile arheologice atest\u0103 urme ale vie\u021buirii umane \u00eenc\u0103 din neolitic, epoca bronzului \u0219i epoca fierului<\/strong>. Au fost descoperite topoare de piatr\u0103 la Mure\u0219enii B\u00eerg\u0103ului \u0219i la Prundu B\u00eerg\u0103ului, precum \u0219i fragmente de ceramic\u0103 neagr\u0103 \u0219i ro\u0219ie la Rusu B\u00eerg\u0103ului.<\/p>\n\n\n\n<p>Unii istorici afirm\u0103 c\u0103 locuitorii acestei zone au f\u0103cut parte din statul dac al lui Burebista \u0219i din regatul lui Decebal dar nu \u0219i din provincia roman\u0103, ei tr\u0103ind ca daci liberi. De\u0219i se vorbe\u0219te de dacii liberi \u00een aceast\u0103 zon\u0103 \u0219i c\u0103 st\u0103p\u00e2nirea roman\u0103 s-a \u00eentins doar p\u00e2n\u0103 la hotarul de vest al V\u0103ii B\u00eerg\u0103ului, al\u021bi istorici au venit cu ipoteza c\u0103 romanii ar fi trecut mai departe \u0219i ar fi construit un drum ce ar fi str\u0103b\u0103tut valea \u0219i trec\u0103toarea prin mun\u021bi spre nord, p\u00e2n\u0103 la V\u00e2rful M\u0103gura. Acest drum construit din piatr\u0103 cubic\u0103 exist\u0103 \u0219i ast\u0103zi \u0219i este cunoscut sub numele de Drumul Romanilor.<\/p>\n\n\n\n<p>O alt\u0103 ipotez\u0103, confirmat\u0103 de documente, vorbe\u0219te despre construirea de c\u0103tre austrieci a unui drum pein mun\u021bii B\u00eerg\u0103ului cu scopul de a lega Transilvania de Bucovina, anexat\u0103 \u00een 1775 de la \u021aara Moldovei. Este posibil ca acest drum s\u0103 se suprapun\u0103 cu vechiul drum presupus a fi construit \u00een perioada romanilor.<\/p>\n\n\n\n<p>Mai t\u00e2rziu \u00een istorie slavii au l\u0103sat cele mai numeroase \u00een toponimie: Bistri\u021ba ( b\u00e2stro \u2013 repede), Tiha (tiho \u2013 lini\u0219tit), Miroslava \u0219i altele.<\/p>\n\n\n\n<p><strong>Primele atest\u0103ri documentare despre satele V\u0103ii B\u00e2rg\u0103ului dateaz\u0103 din anii 1311, 1317 \u0219i 1328, ele f\u0103c\u00e2nd referire la B\u00eerg\u0103u \u2013 cu numele Borgo<\/strong> \u2013 care, \u00een urma unei \u00eemp\u0103r\u021biri de proprietate f\u0103cut\u0103 de o comisie de func\u021bionari ai comitatelor D\u0103b\u00e2ca \u0219i Szolnoc, din 1336 a intrat ca domeniu feudal \u00een proprietatea familiilor nobiliare Bethlen \u0219i Apaffy. Ace\u0219tia au organizat proprietatea \u00een dou\u0103 p\u0103r\u021bi: B\u00eerg\u0103ul de Jos \u0219i B\u00eerg\u0103ul de Sus, care \u00een 1506 a fost cump\u0103rat\u0103 pentru suma de 600 de florini de aur de sa\u0219ii din ora\u0219ul Bistri\u021ba.<\/p>\n\n\n\n<p>Din anul 1529 intr\u0103 \u00een st\u0103p\u00e2nirea Moldovei odat\u0103 cu cetatea Bistri\u021bei, pe care a primit-o Petru Rare\u0219 \u00een schimbul ajutorului oferit de acesta voievodului Transilvaniei Ioan Zapolya.<\/p>\n\n\n\n<p>\u00cen 1552 familia nobilului Bethlen revine ca proprietar al B\u00eerg\u0103ului \u0219i \u00ee\u0219i men\u021bine drepturile p\u00e2n\u0103 \u00een anul 1783.<\/p>\n\n\n\n<p><strong>Anul 1783 reprezint\u0103 o dat\u0103 foarte important\u0103 \u00een istoria V\u0103ii B\u00eerg\u0103ului.<\/strong> \u00cen baza unei conscrip\u021bii militare, din dispozi\u021bia \u00eemp\u0103ratului Josef al-II-lea, domeniul Borgo a fost r\u0103scump\u0103rat din proprietatea familiei Bethlen pentru suma de 700.000 de florini \u0219i \u00eencorporat Regimentului II de Grani\u021b\u0103 de la N\u0103s\u0103ud, iar locuitorii au fost elibera\u021bi din iob\u0103gie. Militarizarea era impus\u0103 de considerente de ap\u0103rare dar \u0219i de nevoia unei mai bune comunica\u021bii \u0219i acces spre Moldova prin trec\u0103toarea B\u00eerg\u0103ului.<\/p>\n\n\n\n<p>\u00cen militarizarea B\u00eerg\u0103ului, spre deosebire de a V\u0103ii Some\u0219ului, nu a fost impusa trecerea la catolicism ca o cerin\u021b\u0103 a cur\u021bii de la Viena. Acest lucru dovede\u0219te c\u0103 Imperiul avea nevoie de \u00eent\u0103rirea grani\u021belor de nord a Transilvaniei \u0219i c\u0103 pentru aceasta era dispus s\u0103 renun\u021be la unul din vechile instrumente ale monarhiei, de supunere prin religie a popula\u021biei din teritoriile ocupate.<\/p>\n\n\n\n<p>Locuitorilor V\u0103ii B\u00eerg\u0103ului li s-a construit \u0219coal\u0103 \u00een care erau \u00eenv\u0103\u021bate trei limbi: rom\u00e2na, maghiara \u0219i germana. Pentru aprovizionarea cadrelor militare s-a acordat printr-o Diplom\u0103 emis\u0103 de \u00eemp\u0103ratul Josef al-II-lea la 7 septembrie 1785 Prundului (Borgo Prund), drept de t\u00e2rg s\u0103pt\u0103m\u00e2nal, s\u00e2mb\u0103ta.<\/p>\n\n\n\n<p>\u00cen acela\u0219i timp, localit\u0103\u021bile au fost sistematizate, s-a renun\u021bat la \u00eemp\u0103r\u021birea \u00een B\u00eerg\u0103ul de Sus \u0219i B\u00eerg\u0103ul de Jos, s-au constituit satele ale c\u0103ror denumiri (adaptate limbii maghiare: Orosz-Borgo, Elszo-Borgo, Kozot-Borgo, Felsze-Borgo, Borgo-Prund, Borgo-bestercze, Borgo-Tiha) au r\u0103mas p\u00e2n\u0103 ast\u0103zi.<\/p>\n\n\n\n<p><strong>\u00cen timpul Revolu\u021biei de la 1848, Valea B\u00eerg\u0103ului a fost teatrul unor opera\u021biuni militare de mare anvergur\u0103 ale Regimentului II de Grani\u021b\u0103 N\u0103s\u0103ud <\/strong>\u00eempotriva revolu\u021bionarilor maghiari condu\u0219i de generalul Bem \u0219i cele imperiale (habsburgice), ambele tabere stabilindu-\u0219i la Prund cartierul de lupt\u0103.<\/p>\n\n\n\n<p>\u00cen 1851 regimentele gr\u0103nicere\u0219ti au fost desfiin\u021bate, iar comunele au \u00eenceput s\u0103 se administreze liber, \u00een conformitate cu interesele proprii, implicandu-se \u00een numeroase ac\u021biuni cu scopul emancip\u0103rii na\u021bionale. Pe aceast\u0103 linie se \u00eenscrie Memoriul \u00eenaintat de comunele de pe Valea B\u00eerg\u0103ului Cur\u021bii Imperiale de la Viena \u00een 1860 \u0219i Dietei de la Sibiu \u00een 1864.<\/p>\n\n\n\n<p>Localitatea Prundu B\u00eerg\u0103ului a servit \u00eentotdeauna ca centru de plas\u0103, aici av\u00e2ndu-\u0219i re\u0219edin\u021ba pretorul \u0219i judele cercual, care reprezenta puterea judec\u0103toreasc\u0103.<\/p>\n\n\n\n<p><strong>Mi\u0219carea Memorandist\u0103 din 1892 a avut un puternic ecou \u00een r\u00e2ndurile intelectualit\u0103\u021bii din Prund<\/strong>, unii dintre ei fiind t\u00e2r\u00e2\u021bi \u00een cunoscutul proces al Replicei, determinat de ac\u021biunile de solidaritate manifestate fa\u021b\u0103 de autorii Memorandumului, judeca\u021bi \u0219i condamna\u021bi la pedepse severe.<\/p>\n\n\n\n<p><strong>\u00cen 1918 s-a constituit \u0219i aici un Consiliu Rom\u00e2n Local<\/strong> care \u0219i-a trimis reprezentan\u021bii la Marea Adunare de la Alba Iulia de la 1 Decembrie.<\/p>\n\n\n\n<p><strong>\u00cen Primul R\u0103zboi Mondial locuitorii V\u0103ii B\u00eerg\u0103ului \u0219i-au dat jertfa lor de s\u00e2nge<\/strong>, un num\u0103r de 378 de militari \u00eenrola\u021bi \u00een armata austro-ungar\u0103 au murit \u00een Italia, Serbia, Ungaria sau \u00een lag\u0103rele ruse\u0219ti \u0219i al\u021bi 60 au fost \u00eempu\u0219ca\u021bi \u0219i arunca\u021bi \u00eentr-o groap\u0103 comun\u0103 pe muntele Grui.<\/p>\n\n\n\n<p><strong>Al Doilea R\u0103zboi Mondial a adus numeroase jertfe \u0219i sacrificii <\/strong>pentru locuitorii de pe Valea B\u00eerg\u0103ului, teritoriu care a c\u0103zut sub inciden\u021ba Diktat-ului de la Viena de la 30 august 1940 \u0219i deci sub ocupa\u021bie horthyst\u0103. Pe l\u00e2ng\u0103 cei 183 de militari c\u0103zu\u021bi \u00een lupte, B\u00e2rg\u0103ul a avut de suferit rechizi\u021bii, maltrat\u0103ri, distrugeri materiale. \u00cen seara zilei de 10 octombrie 1944, la ora 22.30, trupele horthyste \u00een retragere au executat un grup de 7 b\u00e2rg\u0103uani ca represalii pentru atitudinea lor, considerat\u0103 ostil\u0103 administra\u021biei maghiare.<\/p>\n\n\n\n<p>Tuturor eroilor din cele dou\u0103 r\u0103zboaie mondiale li s-a ridicat un Monument \u00een centrul comunei, Glorie eroilor neamului.<\/p>\n","protected":false},"excerpt":{"rendered":"<p>Profesorul Nicolae Dr\u0103gan afirm\u0103 despre originea cuv\u00e2ntului B\u00e2rg\u0103u c\u0103 ar avea origini slave, av\u00e2nd semnifica\u021bia de fund\u0103tur\u0103, v\u0103g\u0103un\u0103, \u021bin\u00e2nd cont c\u0103 \u0219i alte toponime locale provin din limba slav\u0103 (Bistri\u021ba, Miroslava \u0219i altele). \u00cen schimb, Titus Wachsmann-Hogiu \u00een lucrarea Mic ghid prin \u021aara B\u00e2rg\u0103ului, atribuie originea cuv\u00e2ntului B\u00e2rg\u0103u mo\u0219tenirii germane a zonei. Asta pentru c\u0103 [&hellip;]<\/p>\n","protected":false},"author":2,"featured_media":931,"parent":0,"menu_order":0,"comment_status":"closed","ping_status":"closed","template":"","meta":{"_et_pb_use_builder":"off","_et_pb_old_content":"","_et_gb_content_width":"","footnotes":""},"class_list":["post-585","page","type-page","status-publish","has-post-thumbnail","hentry"],"_links":{"self":[{"href":"https:\/\/w2.prundubargaului.ro\/index.php\/wp-json\/wp\/v2\/pages\/585","targetHints":{"allow":["GET"]}}],"collection":[{"href":"https:\/\/w2.prundubargaului.ro\/index.php\/wp-json\/wp\/v2\/pages"}],"about":[{"href":"https:\/\/w2.prundubargaului.ro\/index.php\/wp-json\/wp\/v2\/types\/page"}],"author":[{"embeddable":true,"href":"https:\/\/w2.prundubargaului.ro\/index.php\/wp-json\/wp\/v2\/users\/2"}],"replies":[{"embeddable":true,"href":"https:\/\/w2.prundubargaului.ro\/index.php\/wp-json\/wp\/v2\/comments?post=585"}],"version-history":[{"count":0,"href":"https:\/\/w2.prundubargaului.ro\/index.php\/wp-json\/wp\/v2\/pages\/585\/revisions"}],"wp:featuredmedia":[{"embeddable":true,"href":"https:\/\/w2.prundubargaului.ro\/index.php\/wp-json\/wp\/v2\/media\/931"}],"wp:attachment":[{"href":"https:\/\/w2.prundubargaului.ro\/index.php\/wp-json\/wp\/v2\/media?parent=585"}],"curies":[{"name":"wp","href":"https:\/\/api.w.org\/{rel}","templated":true}]}}