{"id":588,"date":"2020-06-14T18:03:33","date_gmt":"2020-06-14T16:03:33","guid":{"rendered":"https:\/\/www.lazaroi.ro\/pb\/?page_id=588"},"modified":"2020-06-21T17:27:17","modified_gmt":"2020-06-21T15:27:17","slug":"sport","status":"publish","type":"page","link":"https:\/\/w2.prundubargaului.ro\/index.php\/sport\/","title":{"rendered":"Sport"},"content":{"rendered":"\n<p>     <strong>ACS Heniu Prundu B\u00e2rg\u0103ului <\/strong>este un club de fotbal fondat \u00een anul 1938, care, \u00eencep\u00e2nd din 2013, a aderat la proiectul UEFA de dezvoltare a fotbalului feminin, prin \u00eenfiin\u021barea echipei care joac\u0103 \u00een prezent \u00een Liga 1 (fosta Superliga). Pe l\u00e2ng\u0103 forma\u021bia de senioare, ACS Heniu se ocup\u0103 \u0219i de descoperirea \u0219i promovarea tinerelor talente prin grupa de junioare care exist\u0103 \u00een cadrul clubului.<\/p>\n\n\n\n<figure class=\"wp-block-image size-large\"><img loading=\"lazy\" decoding=\"async\" width=\"1024\" height=\"739\" src=\"https:\/\/www.lazaroi.ro\/pb\/wp-content\/uploads\/2020\/06\/ACS-Heniu-1024x739.jpg\" alt=\"\" class=\"wp-image-951\" srcset=\"https:\/\/w2.prundubargaului.ro\/wp-content\/uploads\/2020\/06\/ACS-Heniu-1024x739.jpg 1024w, https:\/\/w2.prundubargaului.ro\/wp-content\/uploads\/2020\/06\/ACS-Heniu-300x217.jpg 300w, https:\/\/w2.prundubargaului.ro\/wp-content\/uploads\/2020\/06\/ACS-Heniu-768x554.jpg 768w, https:\/\/w2.prundubargaului.ro\/wp-content\/uploads\/2020\/06\/ACS-Heniu-1080x779.jpg 1080w, https:\/\/w2.prundubargaului.ro\/wp-content\/uploads\/2020\/06\/ACS-Heniu.jpg 1200w\" sizes=\"(max-width: 1024px) 100vw, 1024px\" \/><\/figure>\n\n\n\n<p>     ACS Heniu este sus\u021binut \u00een principal de Prim\u0103ria Prundu B\u00e2rg\u0103ului \u0219i de c\u00e2\u021biva sponsori care au venit \u00een sprijinul acestui segment al fotbalului pe care UEFA dore\u0219te s\u0103-l aduc\u0103 la un nivel de top \u00eentre sporturile feminine de echip\u0103. De asemenea<strong>, ACS Heniu sus\u021bine proiectul \u201eFotbal real, nu virtual\u201d,<\/strong> prin care copiii care vor s\u0103 joace fotbal \u00een cadru organizat au posibilitatea s\u0103 se preg\u0103teasc\u0103 pe terenul sintetic din incinta stadionului sub \u00eendrumarea unor antrenori specializa\u021bi.<\/p>\n\n\n\n<p>     Clubul caut\u0103 noi parteneri care s\u0103 se implice \u00een sus\u021binerea echipelor sale de fotbal, indiferent c\u0103 este vorba de persoane juridice sau fizice, orice tip de implicare fiind binevenit\u0103.<br>     Pentru ACS Heniu, fotbalul \u00eenseamn\u0103 o form\u0103 de educare a tinerilor pe principiile valorii, competitivit\u0103\u021bii, disciplinei \u0219i fair-play-ului, care s\u0103 conduc\u0103 la dezvoltarea lor profesional\u0103 \u0219i uman\u0103 \u0219i la o integrare c\u00e2t mai bun\u0103 \u00een societate.<\/p>\n","protected":false},"excerpt":{"rendered":"<p>ACS Heniu Prundu B\u00e2rg\u0103ului este un club de fotbal fondat \u00een anul 1938, care, \u00eencep\u00e2nd din 2013, a aderat la proiectul UEFA de dezvoltare a fotbalului feminin, prin \u00eenfiin\u021barea echipei care joac\u0103 \u00een prezent \u00een Liga 1 (fosta Superliga). Pe l\u00e2ng\u0103 forma\u021bia de senioare, ACS Heniu se ocup\u0103 \u0219i de descoperirea \u0219i promovarea tinerelor talente [&hellip;]<\/p>\n","protected":false},"author":2,"featured_media":0,"parent":0,"menu_order":0,"comment_status":"closed","ping_status":"closed","template":"","meta":{"_et_pb_use_builder":"off","_et_pb_old_content":"","_et_gb_content_width":"","footnotes":""},"class_list":["post-588","page","type-page","status-publish","hentry"],"_links":{"self":[{"href":"https:\/\/w2.prundubargaului.ro\/index.php\/wp-json\/wp\/v2\/pages\/588","targetHints":{"allow":["GET"]}}],"collection":[{"href":"https:\/\/w2.prundubargaului.ro\/index.php\/wp-json\/wp\/v2\/pages"}],"about":[{"href":"https:\/\/w2.prundubargaului.ro\/index.php\/wp-json\/wp\/v2\/types\/page"}],"author":[{"embeddable":true,"href":"https:\/\/w2.prundubargaului.ro\/index.php\/wp-json\/wp\/v2\/users\/2"}],"replies":[{"embeddable":true,"href":"https:\/\/w2.prundubargaului.ro\/index.php\/wp-json\/wp\/v2\/comments?post=588"}],"version-history":[{"count":0,"href":"https:\/\/w2.prundubargaului.ro\/index.php\/wp-json\/wp\/v2\/pages\/588\/revisions"}],"wp:attachment":[{"href":"https:\/\/w2.prundubargaului.ro\/index.php\/wp-json\/wp\/v2\/media?parent=588"}],"curies":[{"name":"wp","href":"https:\/\/api.w.org\/{rel}","templated":true}]}}