{"id":590,"date":"2020-06-14T18:03:49","date_gmt":"2020-06-14T16:03:49","guid":{"rendered":"https:\/\/www.lazaroi.ro\/pb\/?page_id=590"},"modified":"2020-06-15T08:21:22","modified_gmt":"2020-06-15T06:21:22","slug":"cetateni-de-onoare","status":"publish","type":"page","link":"https:\/\/w2.prundubargaului.ro\/index.php\/cetateni-de-onoare\/","title":{"rendered":"Cet\u0103\u021beni de onoare"},"content":{"rendered":"\n<p><strong>REGISTRUL<\/strong> <strong>CET\u0102\u0162ENILOR&nbsp; DE ONOARE AL COMUNEI PRUNDU B\u00c2RG\u0102ULUI<\/strong><\/p>\n\n\n\n<figure class=\"wp-block-table\"><table><tbody><tr><td><strong>Nr crt<\/strong><\/td><td><strong>Numele \u0219i prenumele cet\u0103\u021beanului de onoare<\/strong><\/td><td><strong>Profesie<\/strong><\/td><td><strong>&nbsp;HCL \/<\/strong> <strong>data&nbsp; emiterii<\/strong><\/td><td><strong>Ini\u021biator<\/strong><\/td><td><strong>Date de contact<\/strong><\/td><td><strong>Merite avute<\/strong><\/td><\/tr><tr><td>&nbsp; 1<\/td><td><strong>ALBERT WACHSMANN<\/strong><\/td><td>&nbsp; Farmacist \u0219i pomolog 02.10.1849 \u2013 07.121928 &nbsp;<\/td><td>30.04.2001<\/td><td>Prof. Waschman Titus -Hogiu<\/td><td>Acordat post mortem<\/td><td>Cercetare \u0219i stiin\u021b\u0103 \u00een domeniul pomologiei \u0219i farmaciei<\/td><\/tr><tr><td>2<\/td><td><strong>ILARION BOZGA<\/strong><\/td><td>Inv\u0103\u021b\u0103tor \u0219i director al \u0219colii din Prundu&nbsp; B\u00e2rg\u0103ului<\/td><td>&nbsp; &nbsp; 30.04.2001<\/td><td>Prof. Waschman Titus -Hogiu<\/td><td>Acordat post mortem<\/td><td>&nbsp; Autor a unei monografii a V\u0103ii B\u00e2rg\u0103ului &nbsp; &nbsp;<\/td><\/tr><tr><td>3<\/td><td><strong>LEONTINA BE\u0218A<\/strong><\/td><td>Inv\u0103\u021b\u0103tor \u0219i director al \u0219colii din Prundu&nbsp; B\u00e2rg\u0103ului &nbsp; &nbsp; &nbsp; &nbsp;<\/td><td>&nbsp; 2001<\/td><td>Consilier local Prof. Mircea G\u00e2van<\/td><td>Acordat post mortem<\/td><td>&nbsp; Rezultate deosebite \u00een educa\u021bia \u0219colar\u0103 &nbsp; &nbsp;<\/td><\/tr><tr><td>4<\/td><td><strong>CONSTANTIN PAVEL<\/strong><\/td><td>Tenor director al Operei Rom\u00e2ne din Cluj 21.05.1884 -09.05.1945 &nbsp;<\/td><td>&nbsp; HCL nr.21 31.05.2001<\/td><td>Consilier local Prof. Mircea G\u00e2van<\/td><td>Acordat post mortem<\/td><td>\u00centemeietorul Operei Rom\u00e2ne Cluj- Napoca<\/td><\/tr><tr><td>5<\/td><td><strong>TEODOR U\u0218ERI<\/strong><\/td><td>Inv\u0103\u021b\u0103tor \u0219i director 10.04.1899 \u2013 1975 &nbsp; &nbsp; &nbsp;<\/td><td>&nbsp; 31.05.2001<\/td><td>&nbsp; Consilier local Prof. Mircea G\u00e2van &nbsp; &nbsp;<\/td><td>Acordat post mortem<\/td><td>Dezvoltarea \u00eenv\u0103\u021b\u0103m\u00e2ntului din localitate Construirea C\u0103minul cultural din localitate<\/td><\/tr><tr><td>6<\/td><td><strong>&nbsp;\u0218TEFAN VLAD<\/strong><\/td><td>Medic 25.11.1910 \u2013 04.10.1982<\/td><td>&nbsp; 30.04.2001<\/td><td>Prof. Waschman Titus -Hogiu<\/td><td>Acordat post mortem<\/td><td>Rezultate deosebite \u00een domeniul s\u0103n\u0103t\u0103\u021bii Decorat ,, Meritul sanitar ,, &nbsp;<\/td><\/tr><tr><td>7<\/td><td><strong>TEODOR (TEO) VR\u0102SMA\u0218<\/strong><\/td><td>Profesor, director, cercet\u0103tor etno, director, animator cultural,poet. 04.11.1931-17.04.1998<\/td><td>HCL nr.23 31.052001<\/td><td>Consilier local Prof. Mircea G\u00e2van<\/td><td>Acordat post mortem<\/td><td>Dezvoltarea activit\u0103\u021bii culturale din localitate prin organizarea simpozioanelor culturale Valea B\u00e2rg\u0103ului<\/td><\/tr><tr><td>8<\/td><td><strong>IOAN LIVIU CERNUCAN<\/strong><\/td><td>Profesor, director al liceului 18.04.1937 -27.07.1986<\/td><td>&nbsp; 30.04.2001<\/td><td>Prof. Waschman Titus -Hogiu<\/td><td>Acordat post mortem<\/td><td>Rezultate deosebite educa\u021bie \u0219colar\u0103 Ini\u021biere \u0219i conducere Simpozioane culturale Valea B\u00e2rg\u0103ului<\/td><\/tr><tr><td>9<\/td><td><strong>&nbsp;TRAIAN B\u0102LAN<\/strong><\/td><td>Profesor, director al liceului 27.021946 \u2013 31.01.1994<\/td><td>&nbsp; 30.04.2001<\/td><td>Prof. Waschman Titus -Hogiu<\/td><td>Acordat post mortem<\/td><td>&nbsp; Rezultate deosebite educa\u021bie \u0219colar\u0103 \u0219i cercetare \u0219tiin\u021bific\u0103 &nbsp;<\/td><\/tr><tr><td>10<\/td><td><strong>FRANCISC PAYER<\/strong><\/td><td>Medic oftalmolog 26.07.1923<\/td><td>&nbsp; &nbsp; 30.04.2001<\/td><td>Prof. Waschman Titus -Hogiu<\/td><td>&#8211;<\/td><td>&nbsp; Contribu\u021bie la dezvoltarea medicinii \u00een domeniul oftalmologiei &nbsp;<\/td><\/tr><tr><td>11<\/td><td><strong>&nbsp;TRAIAN JACOT\u0102 B\u00c2RG\u0102U<\/strong><\/td><td>Scriitor 20.12.1933 -09.04.2004<\/td><td>&nbsp; &nbsp; 30.04.2001<\/td><td>Prof. Waschman Titus -Hogiu<\/td><td>Cluj -Napoca<\/td><td>&nbsp; Rezultate deosebite \u00een domeniul literaturii \u0219i cultur\u0103 &nbsp; &nbsp;<\/td><\/tr><tr><td>12<\/td><td><strong>MATEI ALBU<\/strong><\/td><td>Profesor,director, col.(rt) Veteran r\u0103zboi 18.05.1913-<\/td><td>&nbsp; &nbsp; &nbsp; &nbsp; 2001<\/td><td>Prof. Waschman Titus -Hogiu<\/td><td>Prundu B\u00e2rg\u0103ului nr.103<\/td><td>&nbsp; Rezultate deosebite \u00een educa\u021bia \u0219colar\u0103,activitate cultural\u0103&nbsp; \u0219i un aport deosebit&nbsp; la construirea cl\u0103dirile \u0219colare &nbsp; &nbsp; &nbsp;<\/td><\/tr><tr><td>13<\/td><td><strong>DOCHIA TONEA<\/strong><\/td><td>Profesor<\/td><td>2002<\/td><td>&nbsp; Prof Lucu\u021ba Valeria \u0219i Zamfir Ioana<\/td><td>&#8211;<\/td><td>&nbsp; &nbsp; Rezultate deosebite educa\u021bie \u0219colar\u0103 &nbsp; &nbsp;<\/td><\/tr><tr><td>14<\/td><td><strong>EMIL ALBU<\/strong><\/td><td>Col.ret. veteran de razboi<\/td><td>&nbsp; &nbsp; 2002<\/td><td>Prof. Albu Matei<\/td><td>Prundu B\u00eerg\u0103ului nr.<\/td><td>Pre\u0219edintele Asocia\u021biei veteranilor de r\u0103zboi Merite deosebite la ridicare monumentului eroilor &nbsp;<\/td><\/tr><tr><td>15<\/td><td><strong>&nbsp;ALEXANDRU CRISTEA<\/strong><\/td><td>Artist plastic 30.07.1928<\/td><td>&nbsp; &nbsp; 2002<\/td><td>Prof. Andri\u021boiu Constantin<\/td><td>&#8211;<\/td><td>Remarcat \u00een domeniul artelor plastice &nbsp; &nbsp;<\/td><\/tr><tr><td>16<\/td><td><strong>AUREL R\u0102U<\/strong><\/td><td>Scriitor 09.11.1930<\/td><td>&nbsp; HCL 24 30.05.2002<\/td><td>Consilier local Prof. Mircea G\u00e2van<\/td><td>Cluj Napoca<\/td><td>&nbsp; Remarcat \u00een domeniul literaturii &nbsp; &nbsp;<\/td><\/tr><tr><td>17<\/td><td><strong>GEORGE VASILE RA\u021aIU<\/strong><\/td><td>profesor, scriitor 14.10.1935 \u2013 16.04.2010<\/td><td>&nbsp; &nbsp; 2002<\/td><td>Prof. Waschman Titus -Hogiu<\/td><td>Bistri\u021ba Aleea Voinicului nr.2<\/td><td>&nbsp; Remarcat \u00een domeniul literaturii &nbsp; &nbsp; &nbsp;<\/td><\/tr><tr><td>18<\/td><td><strong>&nbsp;LEON HOGIU<\/strong><\/td><td>Profesor director 06.03.1935<\/td><td>&nbsp; &nbsp; 2002<\/td><td>Prof. Waschman Titus -Hogiu<\/td><td>Bistri\u021ba B\u00e2rg\u0103ului<\/td><td>&nbsp; Rezultate deosebite educa\u021bie \u0219colar\u0103 &nbsp; &nbsp; &nbsp;<\/td><\/tr><tr><td>19<\/td><td><strong>&nbsp;ELISEU DAN<\/strong><\/td><td>Preot 1859 &#8211; 1927<\/td><td>HCL nr.20 29.05.2003<\/td><td>Prof. Ruxandra Monda<\/td><td>Acordat Post mortem<\/td><td>&nbsp; Rezultate deosebite religie-cultur\u0103-\u00eenv\u0103\u021b\u0103m\u00e2nt &nbsp; &nbsp;<\/td><\/tr><tr><td>20<\/td><td><strong>&nbsp;MACEDON VR\u0102SMA\u0218<\/strong><\/td><td>Primar 1879 \u2013 1955<\/td><td>&nbsp; &nbsp; HCL nr.21 29.05.2003<\/td><td>Ing. Nicolae Vr\u0103sma\u0219<\/td><td>Acordat Post mortem<\/td><td>&nbsp; Rezultate deosebite \u00een activitatea administrativ\u0103 a comunei &nbsp;<\/td><\/tr><tr><td>21<\/td><td><strong>RADU PETRESCU<\/strong><\/td><td>Scriitor 31.08.1927 \u2013 30.01.1982<\/td><td>&nbsp; &nbsp; 2003<\/td><td>Prof .Platon Mircea<\/td><td>Acordat Post mortem<\/td><td>&nbsp; Remarcat \u00een domeniul literaturii \u0219i \u00eenv\u0103t\u00e2m\u00e2ntului &nbsp; &nbsp;<\/td><\/tr><tr><td>22<\/td><td><strong>GAVRIL RELEA<\/strong><\/td><td>Preot protopop stavrofor 04.07.1910- 21.10.2005<\/td><td>&nbsp; &nbsp; HCL nr.17 29.05.2003<\/td><td>Dl. Simion Cristea \u0219i Prof. Waschman Titus -Hogiu<\/td><td>Cluj -Napoca<\/td><td>Rezultate deosebite religie-cultur\u0103<\/td><\/tr><tr><td>23<\/td><td><strong>EUDOCHIA VONICA<\/strong> <strong>( GHI\u021aA)<\/strong><\/td><td>Profesor 1932-<\/td><td>&nbsp; &nbsp; HCL nr19 29.05.2003<\/td><td>Prof. George Vasile Ra\u021biu<\/td><td>Susenii B\u00eerg\u0103ului<\/td><td>&nbsp; Rezultate deosebite educa\u021bie \u0219colar\u0103 &nbsp; &nbsp; &nbsp;<\/td><\/tr><tr><td>24<\/td><td><strong>DINU FL\u0102M\u00c2ND<\/strong><\/td><td>Poet 24.06.1947 \u2013 2005<\/td><td>&nbsp; HCL&nbsp; nr.18 29.052003<\/td><td>Prof .Platon Mircea<\/td><td>Cluj-Napoca<\/td><td>Remarcat \u00een domeniul literaturii Poet,jurnalist ,critic \u0219i istoric literar<\/td><\/tr><tr><td>25<\/td><td><strong>ELEONORA COSTEA BUZDUG<\/strong><\/td><td>Profesor<\/td><td>HCL nr.18 30.05.2005<\/td><td>Inv. Vlad Maria<\/td><td>&nbsp; Acordat post mortem<\/td><td>&nbsp; Rezultate deosebite educa\u021bie \u0219colar\u0103<\/td><\/tr><tr><td>26<\/td><td><strong>TOMA PLATON<\/strong><\/td><td>Inv\u0103\u021b\u0103tor director<\/td><td>HCL nr.20 31.05.2006<\/td><td>Prof. Andri\u021boiu Constantin<\/td><td>Acordat post mortem<\/td><td>&nbsp; &nbsp; Rezultate deosebite educa\u021bie \u0219colar\u0103 &nbsp;<\/td><\/tr><tr><td>27<\/td><td><strong>MIHAELA IOANA \u0218TEF&nbsp; MERU\u021aIU<\/strong><\/td><td>Multipla campioana la tenis<\/td><td>HCL nr.21 31.05.2006<\/td><td>Inv. Poienaru Raveca<\/td><td>Cluj \u2013Napoca<\/td><td>&nbsp; Dezvoltarea sportului tenis de mas\u0103&nbsp; \u0219i propagarea lui \u00een r\u00e2ndul tinerilor &nbsp;<\/td><\/tr><tr><td>28<\/td><td><strong>ADRIAN M\u0102NARC\u0102<\/strong><\/td><td>Prof . jurnalist redactor sef<\/td><td>HCL nr22 31.05.2006<\/td><td>Prof. Waschman Titus -Hogiu<\/td><td>Bistri\u021ba<\/td><td>&nbsp; &nbsp; Rezultate culturale \u0219i jurnalistice deosebite &nbsp;<\/td><\/tr><tr><td>29<\/td><td><strong>SIMION CRISTEA<\/strong><\/td><td>Preot profesor<\/td><td>HCL nr.26 28.05.2007<\/td><td>Consilier local T\u0103ut Adriana Emilia<\/td><td>Cluj-Napoca<\/td><td>&nbsp; &nbsp; Rezultate deosebite religie-cultur\u0103 &nbsp; &nbsp; &nbsp;<\/td><\/tr><tr><td>30<\/td><td><strong>ARGHIL CIUPA<\/strong><\/td><td>Rapsod popular<\/td><td>HCL nr.27 28.05.2007<\/td><td>Ref. Suciu Ioana<\/td><td>Prundu B\u00eerg\u0103ului<\/td><td>&nbsp; Rezultate culturale deosebite<\/td><\/tr><tr><td>31<\/td><td><strong>ENCIO PETROV STOIANOV<\/strong><\/td><td>Primar municipiu Dve Moghile&nbsp; Bulgaria<\/td><td>HCL 37 27.07.2007<\/td><td>Consilier local Ra\u021biu Leon<\/td><td>Dve Moghile&nbsp; Bulgaria<\/td><td>Dezvoltarea rela\u021biilor de colaborare \u00eentre comuna \u0219i Dve Moghile&nbsp; Bulgaria<\/td><\/tr><tr><td>32<\/td><td><strong>&nbsp;POP AUGUSTNIN<\/strong><\/td><td>Preot martir<\/td><td>&nbsp; HCL 35 21.05.2008<\/td><td>Profesor George Vasile Ra\u021biu<\/td><td>Acordat post mortem<\/td><td>,,Martirii de sub Heniu ,, 1944<\/td><\/tr><tr><td>33<\/td><td><strong>COSTEA PAVEL<\/strong><\/td><td>Martir<\/td><td>HCL 35 21.05.2008<\/td><td>Profesor George Vasile Ra\u021biu<\/td><td>Acordat post mortem<\/td><td>,,Martirii de sub Heniu ,, 1944<\/td><\/tr><tr><td>34<\/td><td><strong>VLAD LEON<\/strong><\/td><td>Martir<\/td><td>HCL 35 21.05.2008<\/td><td>Profesor George Vasile Ra\u021biu<\/td><td>Acordat post mortem<\/td><td>,,Martirii de sub Heniu ,, 1944<\/td><\/tr><tr><td>35<\/td><td><strong>RA\u021aIU VASILE<\/strong><\/td><td>Martir<\/td><td>HCL 35 21.05.2008<\/td><td>Profesor George Vasile Ra\u021biu<\/td><td>Acordat post mortem<\/td><td>,,Martirii de sub Heniu ,, 1944<\/td><\/tr><tr><td>36<\/td><td><strong>&nbsp;TANCA LUCRE\u021aIA<\/strong><\/td><td>Martir<\/td><td>HCL 35 21.05.2008<\/td><td>Profesor George Vasile Ra\u021biu<\/td><td>Acordat post mortem<\/td><td>,,Martirii de sub Heniu ,, 1944<\/td><\/tr><tr><td>37<\/td><td><strong>POPANDRON GEORGE<\/strong><\/td><td>Martir<\/td><td>HCL 35 21.05.2008<\/td><td>Profesor George Vasile Ra\u021biu<\/td><td>Acordat post mortem<\/td><td>,,Martirii de sub Heniu ,, 1944<\/td><\/tr><tr><td>38<\/td><td><strong>ROGIN\u0102 SIMION<\/strong><\/td><td>Martir<\/td><td>HCL 35 21.05.2008<\/td><td>Profesor George Vasile Ra\u021biu<\/td><td>Acordat post mortem<\/td><td>,,Martirii de sub Heniu ,, 1944<\/td><\/tr><tr><td>39<\/td><td><strong>H\u00c2NG\u0102NU\u021a GRIGORE<\/strong><\/td><td>Martir<\/td><td>HCL 35 21.05.2008<\/td><td>Profesor George Vasile Ra\u021biu<\/td><td>Acordat post mortem<\/td><td>,,Martirii de sub Heniu ,, 1944 &nbsp; &nbsp;<\/td><\/tr><tr><td>40<\/td><td><strong>VR\u0102SMA\u0218 NICULAE<\/strong><\/td><td>Ing. geolog, ziarist scriitor<\/td><td>HCL nr.23 29.07.2011<\/td><td>Domnul Adrian Liviu M\u0103narc\u0103<\/td><td>Bistri\u021ba<\/td><td>Rezultate culturale \u0219i jurnalistice deosebite,cerecetare arhive \u0219i tradi\u021bii populare locale \u00centocmirea primului volum al monografiei comunei Prundu B\u00e2rg\u0103ului &nbsp; &nbsp;<\/td><\/tr><tr><td>41<\/td><td><strong>WACHSMANN HOGIU TITUS<\/strong><\/td><td>&nbsp; &nbsp; Profesor<\/td><td>HCL nr. 24 29.07.2011<\/td><td>Domnul Vr\u0103sma\u0219 Niculae<\/td><td>Bistri\u021ba<\/td><td>&nbsp; Rezultate deosebite educa\u021bie \u0219colar\u0103 \u0219i activit\u0103\u021bii culturale la nivelul comunei &nbsp; &nbsp;<\/td><\/tr><tr><td>42<\/td><td><strong>PLATON RAVECA<\/strong><\/td><td>&nbsp; Director de fabric\u0103 de hartie,<\/td><td>&nbsp; 35\/28.05.2014<\/td><td>&nbsp; Dl. Moi\u0219an Vasile<\/td><td>&nbsp; Acordat post mortem<\/td><td>&nbsp; Prima femeie director&nbsp; dup\u0103 cel de-al doilea razboi mondial &nbsp; &nbsp;<\/td><\/tr><tr><td>43<\/td><td><strong>VIRGIL OVIDIU POP<\/strong><\/td><td>General (dr.) M.Ap.N<\/td><td>16\/25.3.2015<\/td><td>Dl Badiu Aurel&nbsp; consilier local<\/td><td>0725686861 UM025650 CJ<\/td><td>Fiu al comunei cu cel mai mare rang militar, mereu preocupat de starea comunit\u0103tii locale<\/td><\/tr><tr><td>44<\/td><td><strong>SEBASTIAN WACHSMANN HOGIU<\/strong><\/td><td>Prof universitar dr. centrul pentru biophotonics, \u0219tiin\u021b\u0103 \u0219i tehnologie Universitate din California SUA<\/td><td>34\/27.04.2016<\/td><td>Prof. Vald George consilier local<\/td><td>Universitate din california Davis<\/td><td>Rezultate deosebite \u00een cercetare<\/td><\/tr><tr><td>45<\/td><td><strong>RAUS (BALOGH ) EMILIA<\/strong><\/td><td>&nbsp; Sportiv<\/td><td>HCL nr. 62\/19.07.2016<\/td><td>dl.Popandron Viorel-consilier local<\/td><td>Los Angeles &#8211; California<\/td><td>Sport&nbsp; de performan\u021b\u0103<\/td><\/tr><tr><td>46<\/td><td><strong>BEJAN MIRCEA<\/strong><\/td><td>Profesor, om de stiin\u021b\u0103 tehnic\u0103 \u0219i tehnologie<\/td><td>&nbsp; &nbsp; HCL nr. 41\/27.04.2018<\/td><td>prof. Vlad George \u0219i&nbsp; Bujor Benone consilieri locali<\/td><td>Cluj Napoca str. Bucium nr.5<\/td><td>&nbsp;&nbsp;&nbsp;&nbsp;&nbsp; Stiin\u021b\u0103 \u0219i tehnic\u0103<\/td><\/tr><tr><td>47<\/td><td><strong>U\u0218ERIU TIBERIU<\/strong> &nbsp;<\/td><td>&nbsp; &nbsp; Maratonist \u0219i ultramaratonist \u0219i activist social \u00een ONG<\/td><td>&nbsp; &nbsp; HCL nr. 60\/ 27.06.2018<\/td><td>&nbsp; prof. Vlad George consilier local&nbsp;&nbsp; la Prim\u0103ria comunei Prundu B\u00eerg\u0103ului<\/td><td>&nbsp; &nbsp; Bistri\u021ba , str. liviu Rebreanu nr. 24<\/td><td>Promovarea localit\u0103\u021bii \u0219i a \u021binutului natal prin sport, activita\u021bi caritabile, ini\u021bierea tinerilor \u00een drumetii montane, ac\u021biuni de&nbsp; voluntariat si protec\u021bia naturii. Exemplu de tenacitate \u0219i performan\u021b\u0103<\/td><\/tr><\/tbody><\/table><\/figure>\n","protected":false},"excerpt":{"rendered":"<p>REGISTRUL CET\u0102\u0162ENILOR&nbsp; DE ONOARE AL COMUNEI PRUNDU B\u00c2RG\u0102ULUI Nr crt Numele \u0219i prenumele cet\u0103\u021beanului de onoare Profesie &nbsp;HCL \/ data&nbsp; emiterii Ini\u021biator Date de contact Merite avute &nbsp; 1 ALBERT WACHSMANN &nbsp; Farmacist \u0219i pomolog 02.10.1849 \u2013 07.121928 &nbsp; 30.04.2001 Prof. Waschman Titus -Hogiu Acordat post mortem Cercetare \u0219i stiin\u021b\u0103 \u00een domeniul pomologiei \u0219i farmaciei [&hellip;]<\/p>\n","protected":false},"author":2,"featured_media":0,"parent":0,"menu_order":0,"comment_status":"closed","ping_status":"closed","template":"","meta":{"_et_pb_use_builder":"off","_et_pb_old_content":"","_et_gb_content_width":"","footnotes":""},"class_list":["post-590","page","type-page","status-publish","hentry"],"_links":{"self":[{"href":"https:\/\/w2.prundubargaului.ro\/index.php\/wp-json\/wp\/v2\/pages\/590","targetHints":{"allow":["GET"]}}],"collection":[{"href":"https:\/\/w2.prundubargaului.ro\/index.php\/wp-json\/wp\/v2\/pages"}],"about":[{"href":"https:\/\/w2.prundubargaului.ro\/index.php\/wp-json\/wp\/v2\/types\/page"}],"author":[{"embeddable":true,"href":"https:\/\/w2.prundubargaului.ro\/index.php\/wp-json\/wp\/v2\/users\/2"}],"replies":[{"embeddable":true,"href":"https:\/\/w2.prundubargaului.ro\/index.php\/wp-json\/wp\/v2\/comments?post=590"}],"version-history":[{"count":0,"href":"https:\/\/w2.prundubargaului.ro\/index.php\/wp-json\/wp\/v2\/pages\/590\/revisions"}],"wp:attachment":[{"href":"https:\/\/w2.prundubargaului.ro\/index.php\/wp-json\/wp\/v2\/media?parent=590"}],"curies":[{"name":"wp","href":"https:\/\/api.w.org\/{rel}","templated":true}]}}