{"id":593,"date":"2020-06-14T18:04:13","date_gmt":"2020-06-14T16:04:13","guid":{"rendered":"https:\/\/www.lazaroi.ro\/pb\/?page_id=593"},"modified":"2023-06-08T12:25:35","modified_gmt":"2023-06-08T10:25:35","slug":"administrator-public","status":"publish","type":"page","link":"https:\/\/w2.prundubargaului.ro\/index.php\/administrator-public\/","title":{"rendered":"Administrator public"},"content":{"rendered":"\n<p><strong><span class=\"has-inline-color has-vivid-red-color\">Vasile Alexandru Ionel TURC<\/span><\/strong><\/p>\n\n\n\n<p>Telefon: 0753055875<\/p>\n\n\n\n<p>E-mail: primaria@prundubargaului.ro<\/p>\n\n\n\n<p><strong>Atribu\u0163iile &nbsp;administratorului &nbsp;public<\/strong>:<\/p>\n\n\n\n<p>Scopul principal al postului: Eficientizarea managementului \u00een administra\u0163ia public\u0103 local\u0103.&nbsp;<\/p>\n\n\n\n<p>&nbsp;Atribu\u0163ii: Poate \u00eendeplini atribu\u0163ii de coordonare delegate de c\u0103tre primar \u00een baza contractului de management&nbsp; privind:<\/p>\n\n\n\n<p>1.-aparatul de specialitate al primarului;<\/p>\n\n\n\n<p>2.- serviciile publice de interes local prestate prin intermediul aparatului de specialitate \u015fi\/sau prin intermediul organismelor prestatoare de servicii publice \u015fi de utilitate public\u0103 de interes local;<\/p>\n\n\n\n<p>3.-calitatea de ordonator principal de credite;<\/p>\n\n\n\n<p>4. -atribu\u021bii privind managementul situa\u021biilor de urgen\u021b\u0103 la nivelul comunei Prundu B\u00eerg\u0103ului ,<\/p>\n\n\n\n<p>a) vicepre\u015fedinte&nbsp; al CLSU : \u00eendepline\u015fte obliga\u0163iile ce-i revin ca membru al Comitetul&nbsp; Local pentru Situa\u0163ii de Urgen\u0163\u0103 &nbsp;\u015fi, \u00een absen\u0163a pre\u015fedintelui, exercit\u0103 atribu\u0163iile acestuia, respectiv particip\u0103 la \u015fedin\u0163ele Comitetului Local, prezint\u0103 inform\u0103ri \u015fi puncte de vedere cu privire la gestionarea tipurilor de risc din componen\u0163a structurii pe care o reprezint\u0103, precum \u015fi la \u00eendeplinirea func\u0163iilor de sprijin ce le revin \u00een situa\u0163iile de urgen\u0163\u0103 \u00een sectoarele de competen\u0163\u0103; men\u0163in permanent leg\u0103tura cu centrele operative corespondente de la localit\u0103\u0163ile limitrofe;<\/p>\n\n\n\n<p>b)\u0219ef centru operativ al CLSU<\/p>\n\n\n\n<p>&#8211; &nbsp;centralizeaz\u00e3 \u015fi transmite operativ la centrul opera\u021bional al Inspectoratului pentru Situa\u0163ii de Urgen\u021b\u0103 date \u015fi informa\u0163ii privind apari\u0163ia \u015fi evolu\u0163ia st\u0103rilor poten\u0163ial generatoare de situa\u0163ii de urgen\u021b\u0103;<\/p>\n\n\n\n<p>&#8211; monitorizeaz\u00e3 situa\u0163iile de urgen\u021b\u0103 \u015fi informeaz\u00e3 Inspectoratul pentru Situa\u0163ii de Urgenta \u015fi celelalte centre opera\u021bionale \u015fi operative interesate;<\/p>\n\n\n\n<p>&#8211; urm\u00e3re\u0219te aplicarea regulamentelor privind gestionarea situa\u0163iilor de urgen\u021b\u0103 \u015fi a planurilor de interven\u0163ie \u015fi cooperare specifice tipurilor de riscuri;<\/p>\n\n\n\n<p>&#8211; asigur\u0103 transmiterea operativ\u00e3 a deciziilor, dispozi\u0163iilor \u015fi ordinelor, precum \u015fi men\u0163inerea leg\u00e3turilor de comunica\u0163ii cu centrele opera\u021bionale \u015fi operative implicate \u00een gestionarea situa\u0163iilor de urgen\u021b\u0103, cu dispeceratele integrate pentru apeluri de urgen\u021b\u0103 \u015fi cu dispeceratele proprii serviciilor \u015fi for\u0163elor care intervin \u00een acest scop;<\/p>\n\n\n\n<p>&#8211; centralizeaz\u00e3 solicit\u0103rile de resurse necesare pentru \u00eendeplinirea func\u0163iilor de sprijin pe timpul situa\u0163iilor de urgen\u021b\u0103 \u015fi fac propuneri pentru asigurarea lor;<\/p>\n\n\n\n<p>&#8211; gestioneaz\u00e3 baza de date referitoare la situa\u0163iile de urgen\u021b\u0103;<\/p>\n\n\n\n<p>&#8211; \u00eendepline\u0219te orice alte atribu\u0163ii \u015fi sarcini privind managementul situa\u0163iilor de urgen\u021b\u0103, prev\u00e3zute de lege \u015fi \u00een ROF-ul CLSU.<\/p>\n\n\n\n<p>5.- \u00cencheierea, conform competen\u0163elor sale \u015fi \u00een limitele mandatului \u00eencredin\u0163at de Primar, a<\/p>\n\n\n\n<p>unor acte juridice \u00een numele \u015fi pe seama institu\u0163iei<\/p>\n\n\n\n<p>6. poate \u00eendeplini orice alte atribu\u0163ii relevante postului, \u00een limitele legii.&nbsp;<\/p>\n\n\n\n<p>Responsabilit\u0103\u0163i:<\/p>\n\n\n\n<p>&#8211; s\u0103 \u00eendeplineasc\u0103 obiectivele \u015fi indicatorii de performan\u0163\u0103 stabili\u0163i<\/p>\n\n\n\n<p>&#8211; s\u0103 elaboreze \u015fi s\u0103 aplice strategii specifice, \u00een m\u0103sur\u0103 s\u0103 asigure desf\u0103\u015furarea \u00een condi\u0163ii performante a activit\u0103\u0163ii curente \u015fi de perspectiv\u0103 a institu\u0163iei; ;&nbsp;&nbsp;<\/p>\n\n\n\n<p>&#8211; s\u0103 adopte m\u0103suri \u00een vederea \u00eendeplinirii prevederilor bugetului anual de venituri \u015fi cheltuieli al institu\u0163iei, pentru dezvoltarea \u015fi diversificarea surselor de venituri extrabugetare, \u00een condi\u0163iile reglement\u0103rilor legale \u00een vigoare \u015fi a mandatului \u00eencredin\u0163at;<\/p>\n\n\n\n<p>&#8211; s\u0103 asigure respectarea destina\u0163iei aloca\u0163iilor bugetare aprobate de ordonatorul principal de credite;<\/p>\n\n\n\n<p>&#8211; s\u0103 administreze, cu diligen\u0163a unui bun proprietar, patrimoniul institu\u0163iei publice \u015fi s\u0103 asigure gestionarea \u015fi administrarea, \u00een condi\u0163iile legii, a integrit\u0103\u0163ii patrimoniului institu\u0163iei;<\/p>\n\n\n\n<p>&#8211; s\u0103 reprezinte institu\u0163ia \u00een raporturile cu ter\u0163ii, conform mandatului;&nbsp;&nbsp;&nbsp;&nbsp;&nbsp;&nbsp;&nbsp;&nbsp;&nbsp;&nbsp;&nbsp;&nbsp;&nbsp;&nbsp;&nbsp;&nbsp;&nbsp;&nbsp;&nbsp;&nbsp;&nbsp;&nbsp;&nbsp;&nbsp;&nbsp;&nbsp;&nbsp;&nbsp;&nbsp;&nbsp;&nbsp;&nbsp;&nbsp;&nbsp;&nbsp;&nbsp;&nbsp;&nbsp;&nbsp;&nbsp;&nbsp;&nbsp;&nbsp;&nbsp;&nbsp;&nbsp;&nbsp;&nbsp;&nbsp;&nbsp;<\/p>\n\n\n\n<p>&#8211; s\u0103 \u00eencheie acte juridice \u00een numele \u015fi pe seama institu\u0163iei, conform competen\u0163elor sale.<\/p>\n\n\n\n<p>&#8211;&nbsp; s\u0103 prezinte angajatorului ori de c\u00e2te ori este necesar, situa\u0163ia economicofinanciar\u0103 a serviciilor publice, modul de realizare a obiectivelor \u015fi a indicatorilor din anex\u0103, inclusiv m\u0103surile pentru optimizarea activit\u0103\u0163ii, c\u00e2nd este cazul;<\/p>\n\n\n\n<p>&#8211; s\u0103 \u00eendeplineasc\u0103 atribu\u0163iile delegate de c\u0103tre primar, \u00een limitele impuse de c\u0103tre acesta, respectiv poate s\u0103 \u00eendeplineasc\u0103, \u00een condi\u0163iile legii, una sau mai multe dintre atribu\u0163iile enumerate mai jos: coodonarea aparatului de specialitate al primarului;&nbsp; coordonarea serviciilor publice de interes local prestate&nbsp; prin intermediul aparatului de specialitate \u015fi\/sau prin intermediul organismelor prestatoare de servicii publice \u015fi de utilitate public\u0103 de interes local enumerate \u00een Anex\u0103;&nbsp; calitatea de ordonator principal de credite; orice alte atribu\u0163ii \u00een domenii specifice institu\u0163iei \u015fi postului, \u00eencredin\u0163ate de c\u0103tre primar \u015fi\/sau Consiliul Local prin act administrativ \u015fi care nu contravin legii.&nbsp;<\/p>\n\n\n\n<p>Alte cerin\u0163e specifice postului:<\/p>\n\n\n\n<p>&#8211; elaborarea unui proiect de management pentru eficientizarea activit\u0103\u0163ii unit\u0103\u0163ii administrativ teritoriale ;<\/p>\n\n\n\n<p>&#8211; aplicarea de principii si tehnici moderne privind bugetarea \u015fi managementul financiar \u00een sectorul public, managementul proiectelor, \u00een special cele cu finan\u0163are din fonduri europene, managementul resurselor umane, comunicarea \u015fi transferul de cuno\u015ftinte, managementul opera\u0163ional, supervizarea \u015fi controlul calit\u0103\u0163ii;<\/p>\n\n\n\n<p>&#8211; disponibilitate pentru deplas\u0103ri, delega\u0163ii.<\/p>\n","protected":false},"excerpt":{"rendered":"<p>Vasile Alexandru Ionel TURC Telefon: 0753055875 E-mail: primaria@prundubargaului.ro Atribu\u0163iile &nbsp;administratorului &nbsp;public: Scopul principal al postului: Eficientizarea managementului \u00een administra\u0163ia public\u0103 local\u0103.&nbsp; &nbsp;Atribu\u0163ii: Poate \u00eendeplini atribu\u0163ii de coordonare delegate de c\u0103tre primar \u00een baza contractului de management&nbsp; privind: 1.-aparatul de specialitate al primarului; 2.- serviciile publice de interes local prestate prin intermediul aparatului de specialitate \u015fi\/sau [&hellip;]<\/p>\n","protected":false},"author":2,"featured_media":0,"parent":0,"menu_order":0,"comment_status":"closed","ping_status":"closed","template":"","meta":{"_et_pb_use_builder":"off","_et_pb_old_content":"","_et_gb_content_width":"","footnotes":""},"class_list":["post-593","page","type-page","status-publish","hentry"],"_links":{"self":[{"href":"https:\/\/w2.prundubargaului.ro\/index.php\/wp-json\/wp\/v2\/pages\/593","targetHints":{"allow":["GET"]}}],"collection":[{"href":"https:\/\/w2.prundubargaului.ro\/index.php\/wp-json\/wp\/v2\/pages"}],"about":[{"href":"https:\/\/w2.prundubargaului.ro\/index.php\/wp-json\/wp\/v2\/types\/page"}],"author":[{"embeddable":true,"href":"https:\/\/w2.prundubargaului.ro\/index.php\/wp-json\/wp\/v2\/users\/2"}],"replies":[{"embeddable":true,"href":"https:\/\/w2.prundubargaului.ro\/index.php\/wp-json\/wp\/v2\/comments?post=593"}],"version-history":[{"count":0,"href":"https:\/\/w2.prundubargaului.ro\/index.php\/wp-json\/wp\/v2\/pages\/593\/revisions"}],"wp:attachment":[{"href":"https:\/\/w2.prundubargaului.ro\/index.php\/wp-json\/wp\/v2\/media?parent=593"}],"curies":[{"name":"wp","href":"https:\/\/api.w.org\/{rel}","templated":true}]}}