{"id":595,"date":"2020-06-14T18:04:33","date_gmt":"2020-06-14T16:04:33","guid":{"rendered":"https:\/\/www.lazaroi.ro\/pb\/?page_id=595"},"modified":"2023-06-08T12:28:45","modified_gmt":"2023-06-08T10:28:45","slug":"secretar","status":"publish","type":"page","link":"https:\/\/w2.prundubargaului.ro\/index.php\/secretar\/","title":{"rendered":"Secretar"},"content":{"rendered":"\n<p><strong><span class=\"has-inline-color has-vivid-red-color\">Angela PINTILIE<\/span><\/strong><\/p>\n\n\n\n<p>Telefon: 0755147396<\/p>\n\n\n\n<p>E-mail: primaria@prundubargaului.ro<\/p>\n\n\n\n<p><strong>Atribu\u0163iile secretarului general al unit\u0103\u0163ii\/subdiviziunii administrativ-teritoriale&nbsp; &#8211;&nbsp; OG57\/2019<\/strong><\/p>\n\n\n\n<p>&nbsp;&nbsp;&nbsp; (1) Secretarul general al unit\u0103\u0163ii\/subdiviziunii administrativ-teritoriale \u00eendepline\u015fte, \u00een condi\u0163iile legii, urm\u0103toarele atribu\u0163ii:<\/p>\n\n\n\n<p>&nbsp;&nbsp;&nbsp; a) avizeaz\u0103 proiectele de hot\u0103r\u00e2ri \u015fi contrasemneaz\u0103 pentru legalitate dispozi\u0163iile primarului, respectiv ale pre\u015fedintelui consiliului jude\u0163ean, hot\u0103r\u00e2rile consiliului local, respectiv ale consiliului jude\u0163ean, dup\u0103 caz;<\/p>\n\n\n\n<p>&nbsp;&nbsp;&nbsp; b) particip\u0103 la \u015fedin\u0163ele consiliului local, respectiv ale consiliului jude\u0163ean;<\/p>\n\n\n\n<p>&nbsp;&nbsp;&nbsp; c) asigur\u0103 gestionarea procedurilor administrative privind rela\u0163ia dintre consiliul local \u015fi primar, respectiv consiliul jude\u0163ean \u015fi pre\u015fedintele acestuia, precum \u015fi \u00eentre ace\u015ftia \u015fi prefect;<\/p>\n\n\n\n<p>&nbsp;&nbsp;&nbsp; d) coordoneaz\u0103 organizarea arhivei \u015fi eviden\u0163a statistic\u0103 a hot\u0103r\u00e2rilor consiliului local \u015fi a dispozi\u0163iilor primarului, respectiv a hot\u0103r\u00e2rilor consiliului jude\u0163ean \u015fi a dispozi\u0163iilor pre\u015fedintelui consiliului jude\u0163ean;<\/p>\n\n\n\n<p>&nbsp;&nbsp;&nbsp; e) asigur\u0103 transparen\u0163a \u015fi comunicarea c\u0103tre autorit\u0103\u0163ile, institu\u0163iile publice \u015fi persoanele interesate a actelor prev\u0103zute la lit. a);<\/p>\n\n\n\n<p>&nbsp;&nbsp;&nbsp; f) asigur\u0103 procedurile de convocare a consiliului local, respectiv a consiliului jude\u0163ean, \u015fi efectuarea lucr\u0103rilor de secretariat, comunicarea ordinii de zi, \u00eentocmirea procesului-verbal al \u015fedin\u0163elor consiliului local, respectiv ale consiliului jude\u0163ean, \u015fi redactarea hot\u0103r\u00e2rilor consiliului local, respectiv ale consiliului jude\u0163ean;<\/p>\n\n\n\n<p>&nbsp;&nbsp;&nbsp; g) asigur\u0103 preg\u0103tirea lucr\u0103rilor supuse dezbaterii consiliului local, respectiv a consiliului jude\u0163ean, \u015fi comisiilor de specialitate ale acestuia;<\/p>\n\n\n\n<p>&nbsp;&nbsp;&nbsp; h) poate atesta, prin derogare de la prevederile Ordonan\u0163ei Guvernului nr. 26\/2000 cu privire la asocia\u0163ii \u015fi funda\u0163ii, aprobat\u0103 cu modific\u0103ri \u015fi complet\u0103ri prin Legea nr. 246\/2005, cu modific\u0103rile \u015fi complet\u0103rile ulterioare, actul constitutiv \u015fi statutul asocia\u0163iilor de dezvoltare intercomunitar\u0103 din care face parte unitatea administrativ-teritorial\u0103 \u00een cadrul c\u0103reia func\u0163ioneaz\u0103;<\/p>\n\n\n\n<p>&nbsp;&nbsp;&nbsp; i) poate propune primarului, respectiv pre\u015fedintelui consiliului jude\u0163ean \u00eenscrierea unor probleme \u00een proiectul ordinii de zi a \u015fedin\u0163elor ordinare ale consiliului local, respectiv ale consiliului jude\u0163ean;<\/p>\n\n\n\n<p>&nbsp;&nbsp;&nbsp; j) efectueaz\u0103 apelul nominal \u015fi \u0163ine eviden\u0163a particip\u0103rii la \u015fedin\u0163ele consiliului local, respectiv ale consiliului jude\u0163ean a consilierilor locali, respectiv a consilierilor jude\u0163eni;<\/p>\n\n\n\n<p>&nbsp;&nbsp;&nbsp; k) num\u0103r\u0103 voturile \u015fi consemneaz\u0103 rezultatul vot\u0103rii, pe care \u00eel prezint\u0103 pre\u015fedintelui de \u015fedin\u0163\u0103, respectiv pre\u015fedintelui consiliului jude\u0163ean sau, dup\u0103 caz, \u00eenlocuitorului de drept al acestuia;<\/p>\n\n\n\n<p>&nbsp;&nbsp;&nbsp; l) informeaz\u0103 pre\u015fedintele de \u015fedin\u0163\u0103, respectiv pre\u015fedintele consiliului jude\u0163ean sau, dup\u0103 caz, \u00eenlocuitorul de drept al acestuia, cu privire la cvorumul \u015fi la majoritatea necesare pentru adoptarea fiec\u0103rei hot\u0103r\u00e2ri a consiliului local, respectiv a consiliului jude\u0163ean;<\/p>\n\n\n\n<p>&nbsp;&nbsp;&nbsp; m) asigur\u0103 \u00eentocmirea dosarelor de \u015fedin\u0163\u0103, legarea, numerotarea paginilor, semnarea \u015fi \u015ftampilarea acestora;<\/p>\n\n\n\n<p>&nbsp;&nbsp;&nbsp; n) urm\u0103re\u015fte ca la deliberarea \u015fi adoptarea unor hot\u0103r\u00e2ri ale consiliului local, respectiv ale consiliului jude\u0163ean s\u0103 nu ia parte consilierii locali sau consilierii jude\u0163eni care se \u00eencadreaz\u0103 \u00een dispozi\u0163iile art. 228 alin. (2); informeaz\u0103 pre\u015fedintele de \u015fedin\u0163\u0103, sau, dup\u0103 caz, \u00eenlocuitorul de drept al acestuia cu privire la asemenea situa\u0163ii \u015fi face cunoscute sanc\u0163iunile prev\u0103zute de lege \u00een asemenea cazuri;<\/p>\n\n\n\n<p>&nbsp;&nbsp;&nbsp; o) certific\u0103 conformitatea copiei cu actele originale din arhiva unit\u0103\u0163ii\/subdiviziunii administrativ-teritoriale;<\/p>\n\n\n\n<p>&nbsp;&nbsp;&nbsp; p) alte atribu\u0163ii prev\u0103zute de lege sau \u00eens\u0103rcin\u0103ri date prin acte administrative de consiliul local, de primar.<\/p>\n","protected":false},"excerpt":{"rendered":"<p>Angela PINTILIE Telefon: 0755147396 E-mail: primaria@prundubargaului.ro Atribu\u0163iile secretarului general al unit\u0103\u0163ii\/subdiviziunii administrativ-teritoriale&nbsp; &#8211;&nbsp; OG57\/2019 &nbsp;&nbsp;&nbsp; (1) Secretarul general al unit\u0103\u0163ii\/subdiviziunii administrativ-teritoriale \u00eendepline\u015fte, \u00een condi\u0163iile legii, urm\u0103toarele atribu\u0163ii: &nbsp;&nbsp;&nbsp; a) avizeaz\u0103 proiectele de hot\u0103r\u00e2ri \u015fi contrasemneaz\u0103 pentru legalitate dispozi\u0163iile primarului, respectiv ale pre\u015fedintelui consiliului jude\u0163ean, hot\u0103r\u00e2rile consiliului local, respectiv ale consiliului jude\u0163ean, dup\u0103 caz; &nbsp;&nbsp;&nbsp; b) [&hellip;]<\/p>\n","protected":false},"author":2,"featured_media":0,"parent":0,"menu_order":0,"comment_status":"closed","ping_status":"closed","template":"","meta":{"_et_pb_use_builder":"off","_et_pb_old_content":"","_et_gb_content_width":"","footnotes":""},"class_list":["post-595","page","type-page","status-publish","hentry"],"_links":{"self":[{"href":"https:\/\/w2.prundubargaului.ro\/index.php\/wp-json\/wp\/v2\/pages\/595","targetHints":{"allow":["GET"]}}],"collection":[{"href":"https:\/\/w2.prundubargaului.ro\/index.php\/wp-json\/wp\/v2\/pages"}],"about":[{"href":"https:\/\/w2.prundubargaului.ro\/index.php\/wp-json\/wp\/v2\/types\/page"}],"author":[{"embeddable":true,"href":"https:\/\/w2.prundubargaului.ro\/index.php\/wp-json\/wp\/v2\/users\/2"}],"replies":[{"embeddable":true,"href":"https:\/\/w2.prundubargaului.ro\/index.php\/wp-json\/wp\/v2\/comments?post=595"}],"version-history":[{"count":0,"href":"https:\/\/w2.prundubargaului.ro\/index.php\/wp-json\/wp\/v2\/pages\/595\/revisions"}],"wp:attachment":[{"href":"https:\/\/w2.prundubargaului.ro\/index.php\/wp-json\/wp\/v2\/media?parent=595"}],"curies":[{"name":"wp","href":"https:\/\/api.w.org\/{rel}","templated":true}]}}