{"id":606,"date":"2020-06-14T18:06:36","date_gmt":"2020-06-14T16:06:36","guid":{"rendered":"https:\/\/www.lazaroi.ro\/pb\/?page_id=606"},"modified":"2023-06-08T12:26:55","modified_gmt":"2023-06-08T10:26:55","slug":"financiar-contabil","status":"publish","type":"page","link":"https:\/\/w2.prundubargaului.ro\/index.php\/financiar-contabil\/","title":{"rendered":"Financiar contabil"},"content":{"rendered":"\n<p>Contact:  \u0218ef serviciu finaciar contabil<\/p>\n\n\n\n<p>Telefon: 0740693533, 0753319922<\/p>\n\n\n\n<p>E-mail: primaria@prundubargaului.ro<\/p>\n\n\n\n<p>Atribu\u021biile compartimentului financiar- contabil<\/p>\n\n\n\n<ul class=\"wp-block-list\">\n<li>organizeaz\u0103 \u015fi conduce contabilitatea cronologic \u015fi sistematic, at\u00e2t sintetic, c\u00e2t \u015fi analitic, \u00een conformitate cu legisla\u0163ia \u00een vigoare \u015fi are \u00een vedere ca eviden\u0163a s\u0103 fie \u0163inut\u0103 la zi;<\/li>\n\n\n\n<li>\u00eentocme\u015fte situa\u0163iile de raportare financiar\u0103 (bilan\u0163ul contabil, contul de rezultat patrimonial, contul de execu\u0163ie bugetar\u0103 \u015fi anexele la bilan\u0163, lunar, trimestrial \u015fi anual;<\/li>\n\n\n\n<li>coordoneaz\u0103 primirea, verificarea \u015fi \u00eenaintarea centralizat\u0103 a situa\u0163iilor de raportare financiar\u0103 de la unitat\u0103\u021bile \u015fcolare din comuna Prundu B\u00e2rg\u0103ului;<\/li>\n\n\n\n<li>\u00eentocme\u015fte \u015fi \u00eenainteaz\u0103 c\u0103tre biroul Contabilitatea Institu\u0163iilor Bugetare \u00een termenul prev\u0103zut de lege lunar monitorizarea cheltuielilor salariale pe fiecare buget \u015fi pe fiecare capitol \u00een parte, prin includerea monitoriz\u0103rii cheltuielilor salariale unitatea \u015fcolar\u0103 din comuna Prundu B\u00e2rg\u0103ului;<\/li>\n\n\n\n<li>\u00eentocme\u015fte \u015fi depune lunar declara\u0163ia unic\u0103 112 privind obliga\u0163iile de plat\u0103 a contribu\u0163iilor sociale, impozitul pe venit \u015fi eviden\u0163a nominal\u0103 a persoanelor asigurate;<\/li>\n\n\n\n<li>\u00eentocme\u015fte, pe baza certificatelor medicale, foile de boal\u0103 \u015fi documenta\u0163ia necesar\u0103 primirii sumelor pentru concedii medicale de la Casa de Asigur\u0103ri de S\u0103n\u0103tate Bistri\u021ba-N\u0103s\u0103ud;<\/li>\n\n\n\n<li>\u00eentocme\u015fte coresponden\u0163a necesar\u0103 debloc\u0103rii garan\u0163iilor de bun\u0103 execu\u0163ie, precum \u015fi de restituire sau compensare a garan\u0163iilor de participare la licita\u0163ie;<\/li>\n\n\n\n<li>coordoneaz\u0103 \u015fi verific\u0103 activitatea desf\u0103\u015furat\u0103 la casieria unit\u0103\u0163ii;<\/li>\n\n\n\n<li>\u00eentocme\u015fte dispozi\u0163ii bugetare pentru ordonatorii secundari de credite;<\/li>\n\n\n\n<li>\u00eentocme\u015fte formele pentru efectuarea pl\u0103\u0163ilor \u00een numerar sau prin conturi bancare;<\/li>\n\n\n\n<li>organizeaz\u0103 \u015fi exercit\u0103 viza de control financiar preventiv \u00een conformitate cu prevederile legale, \u00een situa\u021bia \u00een care titularul cu drept de a acorda viza CFP desemnat de c\u0103tre conduc\u0103torul unit\u0103\u021bii se afl\u0103 \u00een imposibilitate de a acorda viza;<\/li>\n\n\n\n<li>\u00eentocme\u015fte planurile de venituri \u015fi cheltuieli bugetare la termenele \u015fi \u00een condi\u0163iile stabilite de lege;<\/li>\n\n\n\n<li>fundamenteaz\u0103 necesarul de credite av\u00e2nd \u00een vedere necesit\u0103\u0163ile din unitate;<\/li>\n\n\n\n<li>urm\u0103re\u015fte \u00eencadrarea strict\u0103 \u00een creditele aprobate pe toate coordonatele clasifica\u0163iei bugetare;<\/li>\n\n\n\n<li>fundamenteaz\u0103 \u015fi \u00eentocme\u015fte proiectul de buget anual de venituri \u015fi cheltuieli precum \u015fi propunerile de rectificare ale acestuia, care va fi \u00eenaintat spre aprobare ordonatorului principal de credite;<\/li>\n\n\n\n<li>organizeaz\u0103 inventarierea valorilor materiale \u015fi b\u0103ne\u015fti;<\/li>\n\n\n\n<li>verific\u0103 centralizatorul de inventariere, documenta\u0163ia de transfer \u015fi de casare a bunurilor;<\/li>\n\n\n\n<li>verific\u0103 \u015fi regularizeaz\u0103 diferen\u0163ele de inventar \u015fi le \u00eenregistreaz\u0103 \u00een eviden\u0163ele contabile;<\/li>\n\n\n\n<li>organizeaz\u0103 activitatea de personal \u0219i salarizare;<\/li>\n\n\n\n<li>respect\u0103 aplicarea prevederilor legale privind \u00eencadrarea, promovarea \u015fi salarizarea personalului din cadrul aparatului de specialitate al primarului comunei Prundu B\u00e2rg\u0103ului;<\/li>\n\n\n\n<li>\u00eentocme\u015fte statele de plat\u0103, state pentru indemniza\u0163iile de concediu;<\/li>\n\n\n\n<li>execut\u0103 planurile de salarii \u00een conformitate cu statul de func\u0163ii al unit\u0103\u0163ii;<\/li>\n\n\n\n<li>\u00eentocmirea foilor de parcurs pentru autoturismele aflate \u00een dotarea prim\u0103riei, a fi\u015felor activit\u0103\u0163ii zilnice pentru toate utilajele \u015fi autovehiculele;<\/li>\n\n\n\n<li>urm\u0103re\u015fte \u00eencadrarea \u00een normele de consum la carburan\u0163i;<\/li>\n\n\n\n<li>\u00eentocme\u015fte note de recep\u0163ie, bonuri de consum;<\/li>\n\n\n\n<li>organizeaz\u0103, \u00eendrum\u0103, coordoneaz\u0103 activit\u0103\u0163ile de stabilire a impozitelor, taxelor \u015fi a altor venituri de la bugetul local \u015fi a veniturilor proprii;<\/li>\n\n\n\n<li>urm\u0103re\u015fte \u00eentocmirea \u015fi depunerea \u00een termenul stabilit de lege a declara\u0163iilor de impunere de c\u0103tre contribuabili persoane fizice \u015fi persoane juridice;<\/li>\n\n\n\n<li>asigur\u0103 coordonarea general\u0103 \u015fi aplicarea unitar\u0103 a legisla\u0163iei cu privire la impozitele \u015fi taxele datorate de persoanele fizice \u015fi persoanele juridice;<\/li>\n\n\n\n<li>propune spre avizare scutiri de impozite \u015fi taxe \u00een conformitate cu legisla\u0163ia \u00een vigoare;<\/li>\n\n\n\n<li>opereaz\u0103 toate \u00eencas\u0103rile de venituri ale bugetului local efectuate prin banc\u0103;<\/li>\n\n\n\n<li>\u00eentocme\u015fte soma\u0163ii de plat\u0103, titluri executorii \u015fi dosare de executare silit\u0103 pentru persoanele care au r\u0103m\u0103\u015fi\u0163e;<\/li>\n\n\n\n<li>urm\u0103re\u015fte contractele de concesiuni \u015fi \u00eenchirieri, emite la termenele stabilite \u00een contract facturile pentru concesiuni \u015fi \u00eenchirieri;<\/li>\n\n\n\n<li>\u00eentocme\u015fte lunar situa\u0163ii privind situa\u0163ia debitelor \u015fi a gradului de colectare;<\/li>\n\n\n\n<li>\u00eentocme\u015fte la \u00eenceputul fiec\u0103rui an, dup\u0103 debitare, \u00een\u015ftiin\u0163\u0103rile de plat\u0103 c\u0103tre contribuabili;<\/li>\n\n\n\n<li>efectueaz\u0103 \u00eenregistr\u0103ri de vehicule lente;<\/li>\n\n\n\n<li>\u00eentocme\u015fte necesarul \u015fi verific\u0103 inventarierea biletelor de t\u00e2rg;<\/li>\n\n\n\n<li>pred\u0103 \u015fi prime\u015fte pe baz\u0103 de proces-verbal biletele.<\/li>\n\n\n\n<li>\u00eencaseaz\u0103 pe baza debitelor stabilite impozitele \u015fi taxele locale \u015fi depune sumele \u00een conturile institu\u0163iei;<\/li>\n\n\n\n<li>efectueaz\u0103 inspec\u0163ia fiscal\u0103 \u015fi \u00eentocme\u015fte documentele \u00een leg\u0103tur\u0103 cu acestea;<\/li>\n\n\n\n<li>efectueaz\u0103 deplas\u0103ri \u00een teren \u00een vederea recuper\u0103rii crean\u0163elor fiscale;<\/li>\n\n\n\n<li>\u00eentocme\u015fte dosarul contribuabilului cu debitele restante provenite din amenzi \u015fi alte sume datorate bugetului local;<\/li>\n\n\n\n<li>efectueaz\u0103 coresponden\u0163a cu organele judec\u0103tore\u015fti, executorii judec\u0103tore\u015fti \u015fi fiscali;<\/li>\n\n\n\n<li>efectueaz\u0103 ridic\u0103ri \u00een numerar din conturile unit\u0103\u0163ii ori de c\u00e2te ori este necesar;<\/li>\n\n\n\n<li>efectueaz\u0103 pl\u0103\u0163i prin casieria unit\u0103\u0163ii: drepturi salariale, deplas\u0103ri, diurne, indemniza\u0163ii pentru persoane cu handicap, ajutoare sociale, cheltuieli materiale;<\/li>\n\n\n\n<li>\u0163ine eviden\u0163a cheltuielilor po\u015ftale privind coresponden\u0163a;<\/li>\n\n\n\n<li>\u00eencaseaz\u0103 pe baza debitelor stabilite impozitele \u015fi taxele locale la sediul prim\u0103riei \u015fi \u00een teren;<\/li>\n\n\n\n<li>\u00eentocme\u015fte zilnic borderoul \u00eencas\u0103rilor prin casierie;<\/li>\n\n\n\n<li>\u00eentocme\u015fte zilnic \u015fi s\u0103pt\u0103m\u00e2nal centralizatorul \u00eencas\u0103rilor prin casierie;<\/li>\n\n\n\n<li>depune banii \u00een conturile de venituri aferente \u00eencas\u0103rilor realizate la dou\u0103 zile lucr\u0103toare \u0219i \u00een ultima zi trimestru;<\/li>\n\n\n\n<li>\u00eentocme\u015fte foile de v\u0103rs\u0103m\u00e2nt pentru depuneri la banc\u0103;<\/li>\n\n\n\n<li>furnizeaz\u0103 informa\u0163ii cu privire la \u00eencas\u0103rile efectuate, la pl\u0103\u0163ile f\u0103cute compartimentului Financiar contabil, resurse umane;<\/li>\n\n\n\n<li>claseaz\u0103 \u015fi p\u0103streaz\u0103 toate documentele cu care lucreaz\u0103;<\/li>\n\n\n\n<li>ridic\u0103 din trezorerie coresponden\u0163a, extrasele de la Venituri \u015fi de la Cheltuieli.<\/li>\n\n\n\n<li>arhiveaz\u0103 documentele create la nivelul compartimentului, conform Nomenclatorului arhivistic;<\/li>\n\n\n\n<li>asigur\u0103 transparen\u0163a \u015fi comunicarea c\u0103tre autorit\u0103\u0163ile, institu\u0163iile publice \u015fi persoanele interesate a actelor prev\u0103zute la pct.1 \u00een condi\u0163iile Legii nr. 544\/2001 privind liberul acces la informa\u0163iile de interes public, cu modific\u0103rile \u015fi complet\u0103rile ulterioare;<\/li>\n\n\n\n<li>asigur\u0103 implementarea la nivelul comunei Prundu B\u00e2rg\u0103ului a Strategiei Na\u0163ionale Anticorup\u0163ie 2016-2020<\/li>\n<\/ul>\n","protected":false},"excerpt":{"rendered":"<p>Contact: \u0218ef serviciu finaciar contabil Telefon: 0740693533, 0753319922 E-mail: primaria@prundubargaului.ro Atribu\u021biile compartimentului financiar- contabil<\/p>\n","protected":false},"author":2,"featured_media":0,"parent":0,"menu_order":0,"comment_status":"closed","ping_status":"closed","template":"","meta":{"_et_pb_use_builder":"off","_et_pb_old_content":"","_et_gb_content_width":"","footnotes":""},"class_list":["post-606","page","type-page","status-publish","hentry"],"_links":{"self":[{"href":"https:\/\/w2.prundubargaului.ro\/index.php\/wp-json\/wp\/v2\/pages\/606","targetHints":{"allow":["GET"]}}],"collection":[{"href":"https:\/\/w2.prundubargaului.ro\/index.php\/wp-json\/wp\/v2\/pages"}],"about":[{"href":"https:\/\/w2.prundubargaului.ro\/index.php\/wp-json\/wp\/v2\/types\/page"}],"author":[{"embeddable":true,"href":"https:\/\/w2.prundubargaului.ro\/index.php\/wp-json\/wp\/v2\/users\/2"}],"replies":[{"embeddable":true,"href":"https:\/\/w2.prundubargaului.ro\/index.php\/wp-json\/wp\/v2\/comments?post=606"}],"version-history":[{"count":0,"href":"https:\/\/w2.prundubargaului.ro\/index.php\/wp-json\/wp\/v2\/pages\/606\/revisions"}],"wp:attachment":[{"href":"https:\/\/w2.prundubargaului.ro\/index.php\/wp-json\/wp\/v2\/media?parent=606"}],"curies":[{"name":"wp","href":"https:\/\/api.w.org\/{rel}","templated":true}]}}