{"id":608,"date":"2020-06-14T18:07:03","date_gmt":"2020-06-14T16:07:03","guid":{"rendered":"https:\/\/www.lazaroi.ro\/pb\/?page_id=608"},"modified":"2020-08-09T19:11:12","modified_gmt":"2020-08-09T17:11:12","slug":"achizitii","status":"publish","type":"page","link":"https:\/\/w2.prundubargaului.ro\/index.php\/achizitii\/","title":{"rendered":"Achizi\u021bii"},"content":{"rendered":"\n<p>Contact:<\/p>\n\n\n\n<p>Telefon: 0263 265 011<\/p>\n\n\n\n<p>E-mail: primaria@prundubargaului.ro<\/p>\n\n\n\n<p>Atribu\u021biile compartimentului de achizi\u021bii publice<\/p>\n\n\n\n<ul class=\"wp-block-list\"><li>asigur\u0103 consilierea primarului pe probleme specifice;<\/li><li>r\u0103spunde de \u00eentocmirea programelor anuale de achizi\u021bii publice pe baza propunerilor f\u0103cute de c\u0103tre compartimentele din cadrul aparatului de specialitate al primarului comunei Prundu B\u00e2rg\u0103ului, \u00een func\u021bie de gradul de prioritate;<\/li><li>estimeaz\u0103 valoarea contractelor de achizi\u021bii \u00eempreun\u0103 cu personalul din Compartimentul financiar- contabil, resurse umane;<\/li><li>desf\u0103\u0219oar\u0103 programul de investi\u021bii aprobat pe an \u0219i trimestre;<\/li><li>\u00eentocme\u0219te sau analizeaz\u0103, dup\u0103 caz, propunerile de achizi\u021bii de bunuri (fonduri fixe, obiecte de inventar), servicii \u0219i lucr\u0103ri ale comunei Prundu B\u00e2rg\u0103ului \u015fi ale institu\u021biilor publice din subordinea Consiliului local;<\/li><li>asigur\u0103 organizarea procedurilor de achizi\u021bii publice pentru toate compartimentele din cadrul aparatului de specialitate al primarului comunei Prundu B\u00e2rg\u0103ului conform Ordonan\u021bei de urgen\u021b\u0103 nr. 34\/2006 privind atribuirea contractelor de achizi\u021bie public\u0103, a contractelor de concesiune de lucr\u0103ri publice \u015fi a contractelor de concesiune de servicii, aprobat\u0103, modificat\u0103 \u015fi completat\u0103 de Legea nr. 337\/2006, cu complet\u0103rile \u015fi modific\u0103rile ulterioare, \u00eentocmirea contractelor de achizi\u021bie public\u0103, a actelor adi\u021bionale \u015fi a rezilierilor acestora (dup\u0103 caz), conform legii;<\/li><li>propune primarului spre aprobare componen\u021ba comisiilor de evaluare a ofertelor, colectivul de \u00eentocmire a documenta\u021biei pentru elaborarea \u0219i prezentarea ofertelor;<\/li><li>asigur\u0103 \u00eentocmirea documenta\u021biei de elaborare \u015fi prezentare a ofertei la procedurile de achizi\u021bii publice organizate, pe baza documenta\u021biei primite de la compartimentele din cadrul aparatului de specialitate al primarului comunei Prundu B\u00e2rg\u0103ului care solicit\u0103 demararea acestora;<\/li><li>asigur\u0103 \u00eencheierea contractelor de achizi\u021bie public\u0103 cu c\u00e2\u0219tig\u0103torii procedurilor de achizi\u021bii organizate pentru bunuri, servicii \u015fi lucr\u0103ri \u015fi transmiterea lor pentru urm\u0103rire compartimentelor de specialitate;<\/li><li>asigur\u0103 \u00eentocmirea raportului anual privind contractele atribuite \u00een anul anterior \u015fi transmiterea acestora la Autoritatea Na\u021bional\u0103 pentru Reglementare \u015fi Monitorizare a Achizi\u021biilor Publice;<\/li><li>asigur\u0103 gestionarea bazei de date cu privire la procedurile de achizi\u021bie public\u0103 organizate, care cuprinde informa\u021bii cu privire la firmele participante \u015fi rezultatele acestora;<\/li><li>\u00eentocme\u0219te sau analizeaz\u0103, dup\u0103 caz, propunerile de achizi\u021bii de bunuri (fonduri fixe, obiecte de inventar), servicii \u0219i lucr\u0103ri ale comunei Prundu B\u00e2rg\u0103ului \u0219i ale institu\u021biilor publice din subordinea Consiliului local;<\/li><li>asigur\u0103 \u00eentocmirea formalit\u0103\u021bilor de publicitate (publicarea anun\u021burilor de inten\u021bie, de participare, de atribuire);<\/li><li>asigur\u0103 \u00eentocmirea formalit\u0103\u021bilor de comunicare pentru procedurile organizate \u0219i v\u00e2nzarea\/transmiterea documenta\u021biei de elaborare \u0219i prezentare a ofertei;<\/li><li>asigur\u0103 primirea, \u00eenregistrarea \u0219i p\u0103strarea ofertelor la procedurile organizate;<\/li><li>asigur\u0103 cadrul organizatoric pentru derularea achizi\u021biilor publice;<\/li><li>asigur\u0103 \u00eentocmirea proceselor verbale de deschidere, analiza \u0219i atribuire a contractelor de achizi\u021bie public\u0103;<\/li><li>asigur\u0103 comunicarea c\u0103tre ofertan\u021bii participan\u021bi a rezultatelor procedurilor de achizi\u021bie public\u0103;<\/li><li>asigur\u0103 \u00eenregistrarea contesta\u021biilor \u0219i comunicarea acestora c\u0103tre comisia de analiz\u0103 \u0219i solu\u021bionarea a contesta\u021biilor, ofertan\u021bii implica\u021bi \u00een procedur\u0103;<\/li><li>asigur\u0103 transmiterea rezultatului analizei contesta\u021biilor tuturor factorilor \u00een drept \u0219i asigur\u0103 restituirea garan\u021biilor de participare la procedurile de achizi\u021bie public\u0103;<\/li><li>asigur\u0103 \u0219i r\u0103spunde de \u00eentocmirea documenta\u021biilor \u00een vederea atribuirii contractelor de concesiune, de achizi\u021bii publice, v\u00e2nzare-cump\u0103rare, comodat, \u00eenchiriere, de prest\u0103ri, dare \u00een administrare, parteneriate publice-private, prin efectuarea lucr\u0103rilor specifice;<\/li><li>\u00eendepline\u0219te orice alte sarcini legale primite pe linie ierarhic\u0103<\/li><\/ul>\n","protected":false},"excerpt":{"rendered":"<p>Contact: Telefon: 0263 265 011 E-mail: primaria@prundubargaului.ro Atribu\u021biile compartimentului de achizi\u021bii publice asigur\u0103 consilierea primarului pe probleme specifice; r\u0103spunde de \u00eentocmirea programelor anuale de achizi\u021bii publice pe baza propunerilor f\u0103cute de c\u0103tre compartimentele din cadrul aparatului de specialitate al primarului comunei Prundu B\u00e2rg\u0103ului, \u00een func\u021bie de gradul de prioritate; estimeaz\u0103 valoarea contractelor de achizi\u021bii \u00eempreun\u0103 [&hellip;]<\/p>\n","protected":false},"author":2,"featured_media":0,"parent":0,"menu_order":0,"comment_status":"closed","ping_status":"closed","template":"","meta":{"_et_pb_use_builder":"off","_et_pb_old_content":"","_et_gb_content_width":"","footnotes":""},"class_list":["post-608","page","type-page","status-publish","hentry"],"_links":{"self":[{"href":"https:\/\/w2.prundubargaului.ro\/index.php\/wp-json\/wp\/v2\/pages\/608","targetHints":{"allow":["GET"]}}],"collection":[{"href":"https:\/\/w2.prundubargaului.ro\/index.php\/wp-json\/wp\/v2\/pages"}],"about":[{"href":"https:\/\/w2.prundubargaului.ro\/index.php\/wp-json\/wp\/v2\/types\/page"}],"author":[{"embeddable":true,"href":"https:\/\/w2.prundubargaului.ro\/index.php\/wp-json\/wp\/v2\/users\/2"}],"replies":[{"embeddable":true,"href":"https:\/\/w2.prundubargaului.ro\/index.php\/wp-json\/wp\/v2\/comments?post=608"}],"version-history":[{"count":0,"href":"https:\/\/w2.prundubargaului.ro\/index.php\/wp-json\/wp\/v2\/pages\/608\/revisions"}],"wp:attachment":[{"href":"https:\/\/w2.prundubargaului.ro\/index.php\/wp-json\/wp\/v2\/media?parent=608"}],"curies":[{"name":"wp","href":"https:\/\/api.w.org\/{rel}","templated":true}]}}