{"id":618,"date":"2020-06-14T18:07:52","date_gmt":"2020-06-14T16:07:52","guid":{"rendered":"https:\/\/www.lazaroi.ro\/pb\/?page_id=618"},"modified":"2023-06-08T12:30:30","modified_gmt":"2023-06-08T10:30:30","slug":"urbanism","status":"publish","type":"page","link":"https:\/\/w2.prundubargaului.ro\/index.php\/urbanism\/","title":{"rendered":"Urbanism"},"content":{"rendered":"\n<p>Contact:<\/p>\n\n\n\n<p>Telefon: 0745283859<\/p>\n\n\n\n<p>Email: primaria@prundubargaului.ro<\/p>\n\n\n\n<p>Activitatea compartimentului urbanism<\/p>\n\n\n\n<ul class=\"wp-block-list\">\n<li>asigur\u0103 realizarea tuturor m\u0103surilor stabilite prin hot\u0103r\u00e2ri ale consiliului local al Comuna Prundu B\u00e2rg\u0103ului sau prin dispozi\u0163ii ale primarului, pentru aplicarea strategiilor de dezvoltare urbanistic\u0103 a comunei Prundu B\u00e2rg\u0103ului precum \u015fi a teritoriului administrativ;<\/li>\n\n\n\n<li>emite certificatele de urbanism, autoriza\u0163iile de construire \u015fi autoriza\u0163iile pentru desfiin\u0163area construc\u0163iilor pe baza documenta\u0163iilor tehnice prev\u0103zute de lege \u015fi le prezint\u0103 spre semnare persoanelor competente, fiind direct r\u0103spunz\u0103tor de legalitatea acestora;<\/li>\n\n\n\n<li>urm\u0103re\u015fte executarea construc\u0163iilor \u00een conformitate cu autoriza\u0163iile de construc\u0163ie; \u00een cazul \u00een care se constat\u0103 nerespectarea autoriza\u0163iei de construc\u0163ie sau executarea unor lucr\u0103ri neautorizate propune de\u00eendat\u0103 m\u0103surile prev\u0103zute de lege;<\/li>\n\n\n\n<li>organizeaz\u0103 \u015fi conduce la zi eviden\u0163a certificatelor de urbanism, autoriza\u0163iilor de construc\u0163ie \u015fi autoriza\u0163iilor de demolare;<\/li>\n\n\n\n<li>calculeaz\u0103 si r\u0103spunde de \u00eencasarea taxei de autorizare conform legii la finalizarea construc\u0163iilor, stabile\u015fte \u015fi r\u0103spunde de \u00eencasarea taxei de regularizare;<\/li>\n\n\n\n<li>asigur\u0103 elaborarea \u015fi respectarea prevederilor planului urbanistic general al comunei \u015fi a regulamentului de urbanism \u015fi aplicarea acestuia prin planurile de urbanism zonale \u015fi de detaliu \u015fi conformarea autoriza\u0163iilor de construire sau de desfiin\u0163are cu prevederile documenta\u0163iilor de urbanism;<\/li>\n\n\n\n<li>constat\u0103 contraven\u0163iile la actele normative \u00een materie \u015fi aplic\u0103 sanc\u0163iunile corespunz\u0103toare \u00een domeniul construc\u0163iilor \u015fi urbanismului;<\/li>\n\n\n\n<li>coordoneaz\u0103 recep\u0163ia construc\u0163iilor autorizate conform legii \u00een vederea stabilirii valorii impozabile \u015fi regulariz\u0103rii taxelor de autorizare;<\/li>\n\n\n\n<li>prezint\u0103 la cererea consiliului local sau a primarului, rapoarte \u015fi inform\u0103ri privind activitatea urbanistic\u0103 \u015fi de amenajare a teritoriului;<\/li>\n\n\n\n<li>informeaz\u0103 consiliul local \u015fi primarul despre m\u0103surile ce se impun pentru materializarea proiectelor de urbanism;<\/li>\n\n\n\n<li>\u00eentocme\u015fte propunerile pentru atribuirea de denumire a str\u0103zilor de pe raza comunei Prundu B\u00e2rg\u0103ului;<\/li>\n\n\n\n<li>organizeaz\u0103 \u015fi \u00eentocme\u015fte baza de date de urbanism \u015fi amenajarea teritoriului;<\/li>\n\n\n\n<li>organizeaz\u0103 consultarea cet\u0103\u0163enilor pentru avizarea \u015fi aprobarea proiectelor de urbanism;<\/li>\n\n\n\n<li>execut\u0103 controale privind respectarea disciplinei \u00een construc\u0163ii \u0219i urm\u0103re\u0219te respectarea normelor privind autorizarea construc\u0163iilor;<\/li>\n\n\n\n<li>rezolv\u0103 \u015fi r\u0103spunde \u00een scris la sesiz\u0103rile \u015fi audien\u0163ele cet\u0103\u0163enilor referitoare la semnalarea cazurilor de abatere privind disciplina \u00een construc\u0163ii;<\/li>\n\n\n\n<li>particip\u0103 \u00eempreun\u0103 cu alte organe specializate la verificarea amplas\u0103rii construc\u0163iilor provizorii de pe domeniul public, lu\u00e2nd m\u0103suri legale ce se impun (amend\u0103, desfiin\u0163are, demolare);<\/li>\n\n\n\n<li>\u00een colaborare cu organele de poli\u0163ie \u015fi alte servicii publice trece la executarea \u00een baza hot\u0103r\u00e2rilor judec\u0103tore\u015fti definitive \u015fi irevocabile investite cu titlu executoriu, privind cazurile de \u00eenc\u0103lcare a prevederilor Legii 50\/1991 privind autorizarea execut\u0103rii lucr\u0103rilor de construc\u0163ii;<\/li>\n\n\n\n<li>\u00eentocme\u015fte referate de specialitate \u00een vederea elabor\u0103rii proiectelor de dispozi\u0163ii ale primarului \u015fi de hot\u0103r\u00e2ri ale Consiliului Local specifice activit\u0103\u0163ii compartimentului;<\/li>\n\n\n\n<li>asigur\u0103 arhivarea actelor cu care lucreaz\u0103;<\/li>\n\n\n\n<li>centralizeaz\u0103 date \u015fi studii statistice necesare unor raport\u0103ri solicitate de institu\u0163iile jude\u0163ene abilitate;<\/li>\n\n\n\n<li>colaboreaz\u0103 pentru realizarea activit\u0103\u0163ii cu diferite institu\u0163ii.<\/li>\n<\/ul>\n\n\n\n<script type=\"text\/x-handlebars-template\"        id=\"wpfd-template-table-categories-68\">    <div class=\"wpfd-categories \">{{#if category}}{{#with category}}<h2>{{name}}<\/h2>{{#if parent}}<a class=\"catlink backcategory\" href=\"#\" data-idcat=\"{{parent}}\">                        <i class=\"zmdi zmdi-chevron-left\"><\/i><span>\u00cenapoi<\/span><\/a>{{\/if}}{{\/with}}{{\/if}}{{#if category.desc}}<div class=\"wpfd-category-desc\">{{category.desc}}<\/div>{{\/if}}<\/div><\/script><script type=\"text\/x-handlebars-template\" id=\"wpfd-template-table-68\">    {{#if files}}    {{#each files}}    <tr class=\"file {{class}} {{ext}} {{new_file_marker_class}}\" data-id=\"{{ID}}\" data-catid=\"{{catid}}\" data-edit=\"{{edited}}\">        <input type=\"hidden\" class=\"wpfd_file_preview_link_download\" value=\"{{linkdownload}}\" data-filetitle=\"{{post_title}}\" data-fileicons=\"ext ext-{{ext}} wpfd-icon-set-svg\" \/>    <td class=\"file_title\"><a class=\"wpfd_downloadlink\" href=\"{{linkdownload}}\"  title=\"{{post_title}}\" target=\"{{#if remote_file}}_blank{{\/if}}\"><span class=\"extcol\">{{#if file_custom_icon}}<span class=\"icon-custom\"><img decoding=\"async\" src=\"{{file_custom_icon}}\"><\/span>{{else}}<span class=\"ext ext-{{ext}} wpfd-icon-set-svg\"><\/span>{{\/if}}<\/span><span class=\"wpfd-file-crop-title\">{{{crop_title}}}<\/span>{{{new_marker_icon}}}<\/a><\/td><td class=\"file_desc\">{{{description}}}<\/td><td class=\"file_created\">{{created}}<\/td>                    <td class=\"col-download\">                <a class=\"downloadlink wpfd_downloadlink\"  href=\"{{linkdownload}}\"  style=\"background-color:#76bc58;color:#ffffff;\" target=\"{{#if remote_file}}_blank{{\/if}}\">Descarc\u0103<i class=\"zmdi zmdi-cloud-download wpfd-download\"><\/i><\/a>{{#if openpdflink}}<a class=\"openlink wpfdlightbox wpfd_previewlink\" href=\"{{openpdflink}}\"  target=\"\">Preview                            <i class=\"zmdi zmdi-filter-center-focus wpfd-preview\"><\/i>                        <\/a>{{else}}{{#if viewerlink}}<a                            href=\"{{viewerlink}}\"                                                        class=\"openlink wpfdlightbox wpfd_previewlink\"                            target=\"\"                            data-id=\"{{ID}}\"                            data-catid=\"{{catid}}\"                            data-file-type=\"{{ext}}\">Preview<i class=\"zmdi zmdi-filter-center-focus wpfd-preview\"><\/i>                        <\/a>{{\/if}}{{\/if}}            <\/td>            <\/tr>    {{\/each}}    {{\/if}}<\/script><div class=\"wpfd-content wpfd-content-table wpfd-content-multi colstyle wpfd-content-category-normal\" data-category=\"68\"              style=\"display: none; background-color: transparent;\"><input type=\"hidden\" id=\"current_category_68\" value=\"68\" \/>                    <input type=\"hidden\" id=\"current_category_slug_68\" value=\"urbanism\" \/>                    <input type=\"hidden\" id=\"current_ordering_68\" value=\"ordering\" \/>                    <input type=\"hidden\" id=\"current_ordering_direction_68\" value=\"asc\" \/>                    <input type=\"hidden\" id=\"page_limit_68\" value=\"100\" \/><input type=\"hidden\" id=\"wpfd_display_empty_category_message\" value=\"0\" \/><input type=\"hidden\" id=\"wpfd_empty_category_message_val\" value=\"This file category has no files to display\" \/><input type=\"hidden\" id=\"wpfd_display_empty_folder\" value=\"0\" \/><input type=\"hidden\" id=\"wpfd_is_empty_subcategories\" value=\"1\" \/><input type=\"hidden\" id=\"wpfd_is_empty_files\" value=\"1\" \/><input type=\"hidden\" id=\"wpfd_root_category_id\" class=\"wpfd_root_category_id\" value=\"68\" \/><input type=\"hidden\" id=\"wpfd_root_category_theme\" class=\"wpfd_root_category_theme\" value=\"table\" \/><input type=\"hidden\" id=\"wpfd_root_category_clone_theme_type\" class=\"wpfd_root_category_clone_theme_type\" value=\"none\" \/><input type=\"hidden\" id=\"wpfd_root_category_type\" class=\"wpfd_root_category_type\" value=\"68\" \/><input type=\"hidden\" id=\"wpfd_category_notify_file_changes\" class=\"wpfd_category_notify_file_changes\" value=\"0\" \/><input type=\"hidden\" id=\"wpfd_global_notify_file_changes\" class=\"wpfd_global_notify_file_changes\" value=\"0\" \/><input type=\"hidden\" id=\"wpfd_download_selected\" class=\"wpfd_download_selected\" value=\"0\" \/><input type=\"hidden\" id=\"wpfd_user_login\" class=\"wpfd_user_login\" value=\"0\" \/><div class=\"wpfd-content-header-section\"><div class=\"wpfd-header-btn-group\"><a class=\"wpfd-category-mail-subscribe-all\" href=\"#\" style=\"display: none\">Email Subscribe All<\/a><\/div><ul class=\"breadcrumbs wpfd-breadcrumbs-table head-category-table\">                            <li class=\"active\">Urbanism<\/li>                        <\/ul><\/div><div class=\"wpfd-container show_category_title show_breadcrumb\">        <div class=\"wpfd-open-tree\"><\/div>    <div class=\"wpfd-container-table  \">        <div class=\"wpfd-categories \"><h2 class=\"wpfd-category-theme-title\">Urbanism<\/h2><div class=\"wpfd-category-desc\"><\/div><\/div>        <table class=\"wpfd-search-result wpfd-table wpfd-table-bordered wpfd-table-striped wpfd-table-0 mediaTable wpfd-theme-rows\">            <thead>                <tr>                    <th class=\"essential persist file_title\">Titlu<\/th><th class=\"optional file_desc\">Descriere<\/th><th class=\"optional file_created\">Dat\u0103 ad\u0103ugare<\/th><th class=\"essential file_download file_download_tbl\">Descarc\u0103<\/th>                <\/tr>            <\/thead>            <tbody>                                                                <tr class=\"file doc\" data-id=\"796\"                    data-catid=\"68\" data-edit=\"0\">                                        <input type=\"hidden\" class=\"wpfd_file_preview_link_download\" value=\"https:\/\/w2.prundubargaului.ro\/index.php\/download\/68\/urbanism\/796\/cerere-emitere-certificat-de-urbanism.doc\"                           data-filetitle=\"Cerere emitere certificat de urbanism\" data-fileicons=\"ext ext-doc wpfd-icon-set-svg\" \/>                    <td class=\"file_title\"><a class=\"wpfd_downloadlink\" href=\"https:\/\/w2.prundubargaului.ro\/index.php\/download\/68\/urbanism\/796\/cerere-emitere-certificat-de-urbanism.doc\"  title=\"Cerere emitere certificat de urbanism\" target=\"\"><span class=\"extcol\"><span class=\"ext ext-doc wpfd-icon-set-svg\"><\/span><\/span><span class=\"wpfd-file-crop-title\">Cerere emitere certificat de urbanism<\/span><\/a><\/td><td class=\"file_desc\"><\/td><td class=\"file_created\">15-06-2020<\/td>                                            <td class=\"file_download_tbl col-download\">                            <a class=\"downloadlink wpfd_downloadlink\"  href=\"https:\/\/w2.prundubargaului.ro\/index.php\/download\/68\/urbanism\/796\/cerere-emitere-certificat-de-urbanism.doc\"  style=\"background-color:#76bc58;color:#ffffff;\" target=\"\">Descarc\u0103<i class=\"zmdi zmdi-cloud-download wpfd-download\"><\/i><\/a><a                            href=\"https:\/\/docs.google.com\/viewer?url=https%3A%2F%2Fw2.prundubargaului.ro%2Fwp-admin%2Fadmin-ajax.php%3Fjuwpfisadmin%3Dfalse%26action%3Dwpfd%26task%3Dfile.download%26wpfd_category_id%3D68%26wpfd_file_id%3D796%26token%3D%26preview%3D1&#038;embedded=true\"                                                        class=\"openlink wpfdlightbox wpfd_previewlink\"                            target=\"\"                            data-id=\"796\"                            data-catid=\"68\"                            data-file-type=\"doc\">Preview<i class=\"zmdi zmdi-filter-center-focus wpfd-preview\"><\/i>                        <\/a>                        <\/td>                                    <\/tr>                                                                                <tr class=\"file doc\" data-id=\"793\"                    data-catid=\"68\" data-edit=\"0\">                                        <input type=\"hidden\" class=\"wpfd_file_preview_link_download\" value=\"https:\/\/w2.prundubargaului.ro\/index.php\/download\/68\/urbanism\/793\/cerere-emitere-autorizatie-construire-desfiintare.doc\"                           data-filetitle=\"Cerere emitere autorizatie construire-desfiintare\" data-fileicons=\"ext ext-doc wpfd-icon-set-svg\" \/>                    <td class=\"file_title\"><a class=\"wpfd_downloadlink\" href=\"https:\/\/w2.prundubargaului.ro\/index.php\/download\/68\/urbanism\/793\/cerere-emitere-autorizatie-construire-desfiintare.doc\"  title=\"Cerere emitere autorizatie construire-desfiintare\" target=\"\"><span class=\"extcol\"><span class=\"ext ext-doc wpfd-icon-set-svg\"><\/span><\/span><span class=\"wpfd-file-crop-title\">Cerere emitere autorizatie construire-desfiintare<\/span><\/a><\/td><td class=\"file_desc\"><\/td><td class=\"file_created\">15-06-2020<\/td>                                            <td class=\"file_download_tbl col-download\">                            <a class=\"downloadlink wpfd_downloadlink\"  href=\"https:\/\/w2.prundubargaului.ro\/index.php\/download\/68\/urbanism\/793\/cerere-emitere-autorizatie-construire-desfiintare.doc\"  style=\"background-color:#76bc58;color:#ffffff;\" target=\"\">Descarc\u0103<i class=\"zmdi zmdi-cloud-download wpfd-download\"><\/i><\/a><a                            href=\"https:\/\/docs.google.com\/viewer?url=https%3A%2F%2Fw2.prundubargaului.ro%2Fwp-admin%2Fadmin-ajax.php%3Fjuwpfisadmin%3Dfalse%26action%3Dwpfd%26task%3Dfile.download%26wpfd_category_id%3D68%26wpfd_file_id%3D793%26token%3D%26preview%3D1&#038;embedded=true\"                                                        class=\"openlink wpfdlightbox wpfd_previewlink\"                            target=\"\"                            data-id=\"793\"                            data-catid=\"68\"                            data-file-type=\"doc\">Preview<i class=\"zmdi zmdi-filter-center-focus wpfd-preview\"><\/i>                        <\/a>                        <\/td>                                    <\/tr>                                                                                <tr class=\"file doc\" data-id=\"795\"                    data-catid=\"68\" data-edit=\"0\">                                        <input type=\"hidden\" class=\"wpfd_file_preview_link_download\" value=\"https:\/\/w2.prundubargaului.ro\/index.php\/download\/68\/urbanism\/795\/cerere-prelungire-valabilitate-certificat-de-urbanism.doc\"                           data-filetitle=\"Cerere prelungire valabilitate certificat de urbanism\" data-fileicons=\"ext ext-doc wpfd-icon-set-svg\" \/>                    <td class=\"file_title\"><a class=\"wpfd_downloadlink\" href=\"https:\/\/w2.prundubargaului.ro\/index.php\/download\/68\/urbanism\/795\/cerere-prelungire-valabilitate-certificat-de-urbanism.doc\"  title=\"Cerere prelungire valabilitate certificat de urbanism\" target=\"\"><span class=\"extcol\"><span class=\"ext ext-doc wpfd-icon-set-svg\"><\/span><\/span><span class=\"wpfd-file-crop-title\">Cerere prelungire valabilitate certificat de urbanism<\/span><\/a><\/td><td class=\"file_desc\"><\/td><td class=\"file_created\">15-06-2020<\/td>                                            <td class=\"file_download_tbl col-download\">                            <a class=\"downloadlink wpfd_downloadlink\"  href=\"https:\/\/w2.prundubargaului.ro\/index.php\/download\/68\/urbanism\/795\/cerere-prelungire-valabilitate-certificat-de-urbanism.doc\"  style=\"background-color:#76bc58;color:#ffffff;\" target=\"\">Descarc\u0103<i class=\"zmdi zmdi-cloud-download wpfd-download\"><\/i><\/a><a                            href=\"https:\/\/docs.google.com\/viewer?url=https%3A%2F%2Fw2.prundubargaului.ro%2Fwp-admin%2Fadmin-ajax.php%3Fjuwpfisadmin%3Dfalse%26action%3Dwpfd%26task%3Dfile.download%26wpfd_category_id%3D68%26wpfd_file_id%3D795%26token%3D%26preview%3D1&#038;embedded=true\"                                                        class=\"openlink wpfdlightbox wpfd_previewlink\"                            target=\"\"                            data-id=\"795\"                            data-catid=\"68\"                            data-file-type=\"doc\">Preview<i class=\"zmdi zmdi-filter-center-focus wpfd-preview\"><\/i>                        <\/a>                        <\/td>                                    <\/tr>                                                                                <tr class=\"file doc\" data-id=\"794\"                    data-catid=\"68\" data-edit=\"0\">                                        <input type=\"hidden\" class=\"wpfd_file_preview_link_download\" value=\"https:\/\/w2.prundubargaului.ro\/index.php\/download\/68\/urbanism\/794\/cerere-prelungire-valabilitate-autorizatie-de-construire-desfiintare.doc\"                           data-filetitle=\"Cerere prelungire valabilitate autorizatie de construire-desfiintare\" data-fileicons=\"ext ext-doc wpfd-icon-set-svg\" \/>                    <td class=\"file_title\"><a class=\"wpfd_downloadlink\" href=\"https:\/\/w2.prundubargaului.ro\/index.php\/download\/68\/urbanism\/794\/cerere-prelungire-valabilitate-autorizatie-de-construire-desfiintare.doc\"  title=\"Cerere prelungire valabilitate autorizatie de construire-desfiintare\" target=\"\"><span class=\"extcol\"><span class=\"ext ext-doc wpfd-icon-set-svg\"><\/span><\/span><span class=\"wpfd-file-crop-title\">Cerere prelungire valabilitate autorizatie de construire-desfiintare<\/span><\/a><\/td><td class=\"file_desc\"><\/td><td class=\"file_created\">15-06-2020<\/td>                                            <td class=\"file_download_tbl col-download\">                            <a class=\"downloadlink wpfd_downloadlink\"  href=\"https:\/\/w2.prundubargaului.ro\/index.php\/download\/68\/urbanism\/794\/cerere-prelungire-valabilitate-autorizatie-de-construire-desfiintare.doc\"  style=\"background-color:#76bc58;color:#ffffff;\" target=\"\">Descarc\u0103<i class=\"zmdi zmdi-cloud-download wpfd-download\"><\/i><\/a><a                            href=\"https:\/\/docs.google.com\/viewer?url=https%3A%2F%2Fw2.prundubargaului.ro%2Fwp-admin%2Fadmin-ajax.php%3Fjuwpfisadmin%3Dfalse%26action%3Dwpfd%26task%3Dfile.download%26wpfd_category_id%3D68%26wpfd_file_id%3D794%26token%3D%26preview%3D1&#038;embedded=true\"                                                        class=\"openlink wpfdlightbox wpfd_previewlink\"                            target=\"\"                            data-id=\"794\"                            data-catid=\"68\"                            data-file-type=\"doc\">Preview<i class=\"zmdi zmdi-filter-center-focus wpfd-preview\"><\/i>                        <\/a>                        <\/td>                                    <\/tr>                                        <\/tbody>        <\/table>            <\/div><\/div><\/div>\n\n\n\n<p><\/p>\n","protected":false},"excerpt":{"rendered":"<p>Contact: Telefon: 0745283859 Email: primaria@prundubargaului.ro Activitatea compartimentului urbanism<\/p>\n","protected":false},"author":2,"featured_media":0,"parent":0,"menu_order":0,"comment_status":"closed","ping_status":"closed","template":"","meta":{"_et_pb_use_builder":"off","_et_pb_old_content":"","_et_gb_content_width":"","footnotes":""},"class_list":["post-618","page","type-page","status-publish","hentry"],"_links":{"self":[{"href":"https:\/\/w2.prundubargaului.ro\/index.php\/wp-json\/wp\/v2\/pages\/618","targetHints":{"allow":["GET"]}}],"collection":[{"href":"https:\/\/w2.prundubargaului.ro\/index.php\/wp-json\/wp\/v2\/pages"}],"about":[{"href":"https:\/\/w2.prundubargaului.ro\/index.php\/wp-json\/wp\/v2\/types\/page"}],"author":[{"embeddable":true,"href":"https:\/\/w2.prundubargaului.ro\/index.php\/wp-json\/wp\/v2\/users\/2"}],"replies":[{"embeddable":true,"href":"https:\/\/w2.prundubargaului.ro\/index.php\/wp-json\/wp\/v2\/comments?post=618"}],"version-history":[{"count":0,"href":"https:\/\/w2.prundubargaului.ro\/index.php\/wp-json\/wp\/v2\/pages\/618\/revisions"}],"wp:attachment":[{"href":"https:\/\/w2.prundubargaului.ro\/index.php\/wp-json\/wp\/v2\/media?parent=618"}],"curies":[{"name":"wp","href":"https:\/\/api.w.org\/{rel}","templated":true}]}}