{"id":621,"date":"2020-06-14T18:08:18","date_gmt":"2020-06-14T16:08:18","guid":{"rendered":"https:\/\/www.lazaroi.ro\/pb\/?page_id=621"},"modified":"2023-06-08T12:26:02","modified_gmt":"2023-06-08T10:26:02","slug":"asistenta-sociala","status":"publish","type":"page","link":"https:\/\/w2.prundubargaului.ro\/index.php\/asistenta-sociala\/","title":{"rendered":"Asisten\u021b\u0103 social\u0103"},"content":{"rendered":"\n<p>Contact:<\/p>\n\n\n\n<p>Telefon: 0745268533<\/p>\n\n\n\n<p>E-mail: primaria@prundubargaului.ro<\/p>\n\n\n\n<p>Atribu\u021biile compartimentului de Asisten\u021b\u0103 Social\u0103<\/p>\n\n\n\n<ul class=\"wp-block-list\">\n<li>\u00eentocme\u0219te anchete sociale \u015fi face propuneri cu privire la protec\u021bia \u015fi ocrotirea unor categorii de minori care necesit\u0103 m\u0103suri de ocrotire speciale, m\u0103suri educative corespunz\u0103toare sau de asisten\u021b\u0103, diferen\u021biate \u00een func\u021bie de problemele pe care le ridic\u0103 fiecare caz \u00een parte;<\/li>\n\n\n\n<li>\u00eentocme\u0219te lucr\u0103ri necesare pentru instituirea tutelei, curatelei, ac\u021biunilor de dec\u0103dere din drepturile p\u0103rinte\u0219ti sau redarea acestor drepturi, precum \u0219i cele necesare punerii sub interdic\u021bie;<\/li>\n\n\n\n<li>controleaz\u0103 modul \u00een care tutorii, curatorii \u00ee\u0219i \u00eendeplinesc \u00eendatoririle privind minorii \u015fi persoanele majore puse sub tutel\u0103;<\/li>\n\n\n\n<li>\u00eentocme\u0219te anchetele sociale privind minorii cerceta\u021bi pentru comiterea de fapte antisociale;<\/li>\n\n\n\n<li>\u00eentocme\u0219te documente, rapoarte, anchete sociale pentru aplicarea prevederilor Legii 416\/2001 privind venitul minim garantat, cu modific\u0103rile \u015fi complet\u0103rile ulterioare;<\/li>\n\n\n\n<li>acord\u0103 sprijinul \u00een vederea redact\u0103rii proiectelor de hot\u0103r\u00e2ri<\/li>\n\n\n\n<li>efectueaz\u0103 vizite la domiciliul asista\u021bilor pe care \u00eei are \u00een eviden\u021b\u0103, dup\u0103 un program prestabilit;<\/li>\n\n\n\n<li>aplic\u0103 standardele \u015fi normele de securitate \u015fi s\u0103n\u0103tate \u00een munc\u0103;<\/li>\n\n\n\n<li>asigur\u0103 \u015fi aduce la cuno\u0219tin\u021b\u0103 primarului, persoanele care necesit\u0103 ajutoare de urgen\u021b\u0103, ajutoare de \u00eenmorm\u00e2ntare \u015fi alte situa\u021bii deosebite;<\/li>\n\n\n\n<li>\u00eentocme\u0219te \u015fi depune situa\u021bii, rapoarte pe linie de protec\u021bie social\u0103;<\/li>\n\n\n\n<li>asigur\u0103 acordarea\/\u00eencetarea dreptului la ajutor pentru \u00eenc\u0103lzirea locuin\u021bei beneficiarilor \u00een baza O.U.G nr.70\/2011 privind m\u0103surile de protec\u021bie social\u0103 \u00een perioada sezonului rece, cu modific\u0103rile \u015fi complet\u0103rile ulterioare;<\/li>\n\n\n\n<li>preia documentele necesare acord\u0103rii aloca\u021biei de stat pentru copii\/ indemniza\u021bia pentru cre\u0219terea copilului \u015fi le transmite Agen\u021biei pentru Pl\u0103\u021bi \u0219i Inspec\u021bie Social\u0103 Bistri\u021ba-N\u0103s\u0103ud;<\/li>\n\n\n\n<li>Prime\u0219te cererile, \u00eenso\u021bite de documentele necesare, pentru acordarea indemniza\u021biei lunare pentru cre\u0219terea copiilor, stimulentului de inser\u021bie \u0219i aloca\u021biei de stat pentru copii, \u00een conformitate cu prevederile legale \u00een vigoare \u0219i le transmite lunar pe baz\u0103 de borderou c\u0103tre Agen\u021bia Jude\u021bean\u0103 Alba pentru Presta\u021bii Sociale<\/li>\n\n\n\n<li>R\u0103spunde de distribuirea produselor alimentare din cadrul POAD persoanelor defavorizate<\/li>\n\n\n\n<li>Furnizeaz\u0103 servicii de informare \u0219i consiliere pe probleme sociale sesizate sau din oficiu, persoanelor interesate<\/li>\n\n\n\n<li>La solicitarea Primarului, Consiliului local, Direc\u021biei Jude\u021bene pentru protec\u021bia copilului, prezint\u0103 rapoarte \u0219i inform\u0103ri cu privire la situa\u021bia protec\u021biei copilului \u0219i sprijinirii familiilor din localitate aflate \u00een dificultate<\/li>\n\n\n\n<li>\u00centocme\u0219te dosare de aloca\u021bie pentru sus\u021binerea familiei, \u00een conformitate cu prevederile Legii nr. 277\/2010, cu modific\u0103rile \u0219i complet\u0103rile ulterioare \u0219i a Normelor Metodologice de aplicare a acesteia \u0219i se ocup\u0103 de gestionarea permanent\u0103 a acestora<\/li>\n\n\n\n<li>Desf\u0103\u0219oar\u0103 activit\u0103\u021bile impuse de aplicarea normelor prev\u0103zute de Legea nr. 416\/2001 privind venitul minim garantat: prime\u0219te, verific\u0103 \u0219i \u00eenregistreaz\u0103 cererile pentru ajutor social, \u00eenso\u021bite de actele doveditoare privind componen\u021ba familiei \u0219i veniturile membrilor acesteia; prezint\u0103 primarului cererea \u0219i declara\u021bia pe propria r\u0103spundere pentru acordarea ajutorului social, \u00eenso\u021bite de fi\u0219a de calcul \u0219i ancheta social\u0103, pentru a dispune acordarea\/neacordarea ajutorului social; verific\u0103 lunar actele din dosarele de ajutor social, oper\u00e2nd modific\u0103rile intervenite; \u00eentocme\u0219te situa\u021bie cu beneficiarii de ajutor social ale c\u0103ror acte din dosar expir\u0103; redacteaz\u0103 proiecte de dispozi\u021bii de acordare a ajutorului social, de modificare, de suspendare \u0219i de \u00eencetare;<\/li>\n\n\n\n<li>Desf\u0103\u0219oar\u0103 activit\u0103\u021bile impuse de aplicarea prevederilor legale privind acordarea ajutoarelor pentru \u00eenc\u0103lzirea locuin\u021bei cu gaze naturale, lemne, c\u0103rbuni, combustibili petrolieri, pentru familiile \u0219i persoanele singure, \u00een perioada sezonului rece: prime\u0219te, analizeaz\u0103 \u0219i \u00eenregistreaz\u0103 cererile, \u00eenso\u021bite de actele doveditoare privind componen\u021ba familiei \u0219i veniturile membrilor acesteia; prelucreaz\u0103 cererile (stabile\u0219te cuantumurile lunare conform legisla\u021biei \u00een vigoare); \u00eentocme\u0219te proiecte de dispozi\u021bii acordare\/neacordare\/\u00eencetare ajutor; \u00eentocme\u0219te situa\u021biile centralizatoare; genereaz\u0103 informa\u021bii \u00een formatele electronice agreate de institu\u021biile conexe; \u00eentocme\u0219te \u0219i \u00eenainteaz\u0103 raporturi statistice;<\/li>\n\n\n\n<li>arhiveaz\u0103 documentele compartimentului.<\/li>\n<\/ul>\n\n\n\n<script type=\"text\/x-handlebars-template\"        id=\"wpfd-template-table-categories-63\">    <div class=\"wpfd-categories \">{{#if category}}{{#with category}}<h2>{{name}}<\/h2>{{#if parent}}<a class=\"catlink backcategory\" href=\"#\" data-idcat=\"{{parent}}\">                        <i class=\"zmdi zmdi-chevron-left\"><\/i><span>\u00cenapoi<\/span><\/a>{{\/if}}{{\/with}}{{\/if}}{{#if category.desc}}<div class=\"wpfd-category-desc\">{{category.desc}}<\/div>{{\/if}}<\/div><\/script><script type=\"text\/x-handlebars-template\" id=\"wpfd-template-table-63\">    {{#if files}}    {{#each files}}    <tr class=\"file {{class}} {{ext}} {{new_file_marker_class}}\" data-id=\"{{ID}}\" data-catid=\"{{catid}}\" data-edit=\"{{edited}}\">        <input type=\"hidden\" class=\"wpfd_file_preview_link_download\" value=\"{{linkdownload}}\" data-filetitle=\"{{post_title}}\" data-fileicons=\"ext ext-{{ext}} wpfd-icon-set-svg\" \/>    <td class=\"file_title\"><a class=\"wpfd_downloadlink\" href=\"{{linkdownload}}\"  title=\"{{post_title}}\" target=\"{{file_target}}\"><span class=\"extcol\">{{#if file_custom_icon}}<span class=\"icon-custom\"><img decoding=\"async\" src=\"{{file_custom_icon}}\"><\/span>{{else}}<span class=\"ext ext-{{ext}} wpfd-icon-set-svg\"><\/span>{{\/if}}<\/span><span class=\"wpfd-file-crop-title\">{{{crop_title}}}<\/span>{{{new_marker_icon}}}<\/a><\/td><td class=\"file_desc\">{{{description}}}<\/td><td class=\"file_created\">{{created}}<\/td>                    <td class=\"col-download\">                <a class=\"downloadlink wpfd_downloadlink\"  href=\"{{linkdownload}}\"  style=\"background-color:#76bc58;color:#ffffff;\" target=\"{{file_target}}\">Descarc\u0103<i class=\"zmdi zmdi-cloud-download wpfd-download\"><\/i><\/a>{{#if openpdflink}}<a class=\"openlink wpfdlightbox wpfd_previewlink\" href=\"{{openpdflink}}\"  target=\"\">Preview                            <i class=\"zmdi zmdi-filter-center-focus wpfd-preview\"><\/i>                        <\/a>{{else}}{{#if viewerlink}}<a                            href=\"{{viewerlink}}\"                                                        class=\"openlink wpfdlightbox wpfd_previewlink\"                            target=\"\"                            data-id=\"{{ID}}\"                            data-catid=\"{{catid}}\"                            data-file-type=\"{{ext}}\">Preview<i class=\"zmdi zmdi-filter-center-focus wpfd-preview\"><\/i>                        <\/a>{{\/if}}{{\/if}}            <\/td>            <\/tr>    {{\/each}}    {{\/if}}<\/script><div class=\"wpfd-content wpfd-content-table wpfd-content-multi colstyle wpfd-content-category-normal\" data-category=\"63\"              style=\"display: none; background-color: transparent;\"><input type=\"hidden\" id=\"current_category_63\" value=\"63\" \/>                    <input type=\"hidden\" id=\"current_category_slug_63\" value=\"asistenta-sociala\" \/>                    <input type=\"hidden\" id=\"current_ordering_63\" value=\"title\" \/>                    <input type=\"hidden\" id=\"current_ordering_direction_63\" value=\"desc\" \/>                    <input type=\"hidden\" id=\"page_limit_63\" value=\"100\" \/><input type=\"hidden\" id=\"wpfd_display_empty_category_message\" value=\"0\" \/><input type=\"hidden\" id=\"wpfd_empty_category_message_val\" value=\"This file category has no files to display\" \/><input type=\"hidden\" id=\"wpfd_display_empty_folder\" value=\"0\" \/><input type=\"hidden\" id=\"wpfd_is_empty_subcategories\" value=\"1\" \/><input type=\"hidden\" id=\"wpfd_is_empty_files\" value=\"1\" \/><input type=\"hidden\" id=\"wpfd_root_category_id\" class=\"wpfd_root_category_id\" value=\"63\" \/><input type=\"hidden\" id=\"wpfd_root_category_theme\" class=\"wpfd_root_category_theme\" value=\"table\" \/><input type=\"hidden\" id=\"wpfd_root_category_clone_theme_type\" class=\"wpfd_root_category_clone_theme_type\" value=\"none\" \/><input type=\"hidden\" id=\"wpfd_root_category_type\" class=\"wpfd_root_category_type\" value=\"63\" \/><input type=\"hidden\" id=\"wpfd_category_notify_file_changes\" class=\"wpfd_category_notify_file_changes\" value=\"0\" \/><input type=\"hidden\" id=\"wpfd_global_notify_file_changes\" class=\"wpfd_global_notify_file_changes\" value=\"0\" \/><input type=\"hidden\" id=\"wpfd_download_selected\" class=\"wpfd_download_selected\" value=\"0\" \/><input type=\"hidden\" id=\"wpfd_user_login\" class=\"wpfd_user_login\" value=\"0\" \/><div class=\"wpfd-content-header-section\"><div class=\"wpfd-header-btn-group\"><a class=\"wpfd-category-mail-subscribe-all\" href=\"#\" style=\"display: none\">Email Subscribe All<\/a><\/div><ul class=\"breadcrumbs wpfd-breadcrumbs-table head-category-table\">                            <li class=\"active\">Asisten\u021b\u0103 Social\u0103<\/li>                        <\/ul><\/div><div class=\"wpfd-container show_category_title show_breadcrumb\">        <div class=\"wpfd-open-tree\"><\/div>    <div class=\"wpfd-container-table  \">        <div class=\"wpfd-categories \"><h2 class=\"wpfd-category-theme-title\">Asisten\u021b\u0103 Social\u0103<\/h2><div class=\"wpfd-category-desc\"><\/div><\/div>        <table class=\"wpfd-search-result wpfd-table wpfd-table-bordered wpfd-table-striped wpfd-table-0 mediaTable wpfd-theme-rows\">            <thead>                <tr>                    <th class=\"essential persist file_title\">Titlu<\/th><th class=\"optional file_desc\">Descriere<\/th><th class=\"optional file_created\">Dat\u0103 ad\u0103ugare<\/th><th class=\"essential file_download file_download_tbl\">Descarc\u0103<\/th>                <\/tr>            <\/thead>            <tbody>                                                                <tr class=\"file pdf\" data-id=\"1822\"                    data-catid=\"63\" data-edit=\"0\">                                        <input type=\"hidden\" class=\"wpfd_file_preview_link_download\" value=\"https:\/\/w2.prundubargaului.ro\/index.php\/download\/63\/asistenta-sociala\/1822\/start-la-depunerea-solicitarilor-privind-acordarea-de-tichete-sociale-pe-suport-electronic-pentru-sprijin-educational.pdf\"                           data-filetitle=\"START LA DEPUNEREA SOLICITARILOR PRIVIND ACORDAREA DE TICHETE SOCIALE PE SUPORT ELECTRONIC PENTRU SPRIJIN EDUCATIONAL\" data-fileicons=\"ext ext-pdf wpfd-icon-set-svg\" \/>                    <td class=\"file_title\"><a class=\"wpfd_downloadlink\" href=\"https:\/\/w2.prundubargaului.ro\/index.php\/download\/63\/asistenta-sociala\/1822\/start-la-depunerea-solicitarilor-privind-acordarea-de-tichete-sociale-pe-suport-electronic-pentru-sprijin-educational.pdf\"  title=\"START LA DEPUNEREA SOLICITARILOR PRIVIND ACORDAREA DE TICHETE SOCIALE PE SUPORT ELECTRONIC PENTRU SPRIJIN EDUCATIONAL\" target=\"\"><span class=\"extcol\"><span class=\"ext ext-pdf wpfd-icon-set-svg\"><\/span><\/span><span class=\"wpfd-file-crop-title\">START LA DEPUNEREA SOLICITARILOR PRIVIND ACORDAREA DE TICHETE SOCIALE PE SUPORT ELECTRONIC PENTRU SPRIJIN EDUCATIONAL<\/span><\/a><\/td><td class=\"file_desc\"><\/td><td class=\"file_created\">25-08-2020<\/td>                                            <td class=\"file_download_tbl col-download\">                            <a class=\"downloadlink wpfd_downloadlink\"  href=\"https:\/\/w2.prundubargaului.ro\/index.php\/download\/63\/asistenta-sociala\/1822\/start-la-depunerea-solicitarilor-privind-acordarea-de-tichete-sociale-pe-suport-electronic-pentru-sprijin-educational.pdf\"  style=\"background-color:#76bc58;color:#ffffff;\" target=\"\">Descarc\u0103<i class=\"zmdi zmdi-cloud-download wpfd-download\"><\/i><\/a><a                            href=\"https:\/\/docs.google.com\/viewer?url=https%3A%2F%2Fw2.prundubargaului.ro%2Fwp-admin%2Fadmin-ajax.php%3Fjuwpfisadmin%3Dfalse%26action%3Dwpfd%26task%3Dfile.download%26wpfd_category_id%3D63%26wpfd_file_id%3D1822%26token%3D%26preview%3D1&#038;embedded=true\"                                                        class=\"openlink wpfdlightbox wpfd_previewlink\"                            target=\"\"                            data-id=\"1822\"                            data-catid=\"63\"                            data-file-type=\"pdf\">Preview<i class=\"zmdi zmdi-filter-center-focus wpfd-preview\"><\/i>                        <\/a>                        <\/td>                                    <\/tr>                                        <\/tbody>        <\/table>            <\/div><\/div><\/div>\n","protected":false},"excerpt":{"rendered":"<p>Contact: Telefon: 0745268533 E-mail: primaria@prundubargaului.ro Atribu\u021biile compartimentului de Asisten\u021b\u0103 Social\u0103<\/p>\n","protected":false},"author":2,"featured_media":0,"parent":0,"menu_order":0,"comment_status":"closed","ping_status":"closed","template":"","meta":{"_et_pb_use_builder":"off","_et_pb_old_content":"","_et_gb_content_width":"","footnotes":""},"class_list":["post-621","page","type-page","status-publish","hentry"],"_links":{"self":[{"href":"https:\/\/w2.prundubargaului.ro\/index.php\/wp-json\/wp\/v2\/pages\/621","targetHints":{"allow":["GET"]}}],"collection":[{"href":"https:\/\/w2.prundubargaului.ro\/index.php\/wp-json\/wp\/v2\/pages"}],"about":[{"href":"https:\/\/w2.prundubargaului.ro\/index.php\/wp-json\/wp\/v2\/types\/page"}],"author":[{"embeddable":true,"href":"https:\/\/w2.prundubargaului.ro\/index.php\/wp-json\/wp\/v2\/users\/2"}],"replies":[{"embeddable":true,"href":"https:\/\/w2.prundubargaului.ro\/index.php\/wp-json\/wp\/v2\/comments?post=621"}],"version-history":[{"count":0,"href":"https:\/\/w2.prundubargaului.ro\/index.php\/wp-json\/wp\/v2\/pages\/621\/revisions"}],"wp:attachment":[{"href":"https:\/\/w2.prundubargaului.ro\/index.php\/wp-json\/wp\/v2\/media?parent=621"}],"curies":[{"name":"wp","href":"https:\/\/api.w.org\/{rel}","templated":true}]}}