{"id":631,"date":"2020-06-14T18:09:50","date_gmt":"2020-06-14T16:09:50","guid":{"rendered":"https:\/\/www.lazaroi.ro\/pb\/?page_id=631"},"modified":"2020-06-21T10:33:37","modified_gmt":"2020-06-21T08:33:37","slug":"educatie","status":"publish","type":"page","link":"https:\/\/w2.prundubargaului.ro\/index.php\/educatie\/","title":{"rendered":"Educa\u021bie"},"content":{"rendered":"\n<p><strong>RE\u021aEA \u0218COLAR\u0102<\/strong><\/p>\n\n\n\n<p><strong>La nivelul comunei Prundu B\u00e2rg\u0103ului \u00eenv\u0103\u021b\u0103m\u00e2ntul este structurat pe 3 nivele: primar, gimnazial \u0219i liceal<\/strong><\/p>\n\n\n\n<figure class=\"wp-block-image size-large\"><img loading=\"lazy\" decoding=\"async\" width=\"1024\" height=\"472\" src=\"https:\/\/www.lazaroi.ro\/pb\/wp-content\/uploads\/2020\/06\/IMG_20200511_150224-1024x472.jpg\" alt=\"\" class=\"wp-image-806\" srcset=\"https:\/\/w2.prundubargaului.ro\/wp-content\/uploads\/2020\/06\/IMG_20200511_150224-1024x472.jpg 1024w, https:\/\/w2.prundubargaului.ro\/wp-content\/uploads\/2020\/06\/IMG_20200511_150224-300x138.jpg 300w, https:\/\/w2.prundubargaului.ro\/wp-content\/uploads\/2020\/06\/IMG_20200511_150224-768x354.jpg 768w, https:\/\/w2.prundubargaului.ro\/wp-content\/uploads\/2020\/06\/IMG_20200511_150224-1536x707.jpg 1536w, https:\/\/w2.prundubargaului.ro\/wp-content\/uploads\/2020\/06\/IMG_20200511_150224-2048x943.jpg 2048w, https:\/\/w2.prundubargaului.ro\/wp-content\/uploads\/2020\/06\/IMG_20200511_150224-1080x497.jpg 1080w\" sizes=\"(max-width: 1024px) 100vw, 1024px\" \/><\/figure>\n\n\n\n<p><strong>Unit\u0103\u0163ile de \u00eenv\u0103\u0163\u0103m\u00e2nt din comuna Prundu B\u00e2rg\u0103ului:<\/strong><\/p>\n\n\n\n<figure class=\"wp-block-table\"><table><tbody><tr><td><strong>Nr.<\/strong> <strong>Crt<\/strong><\/td><td><strong>DENUMIRE UNIT. <\/strong><strong>\u0218C.<\/strong><\/td><td><strong>Fel unitate<\/strong><\/td><td><strong>Adres\u0103\/num\u0103r de tel.\/fax\/mail<\/strong><\/td><\/tr><tr><td>1.<\/td><td>LICEUL TEORETIC \u201dRADU&nbsp; PETRESCU\u201d<\/td><td>UIND<\/td><td>PRUNDU B\u00c2RG\u0102ULUI, Calea Transilvaniei nr. 151 (nr.vechi 513 ) Tel \/fax 0263265329 gsradupetrescu@yahoo.com<\/td><\/tr><tr><td>2.<\/td><td>GR\u0102DINI\u021aA CU PROGRAM NORMAL PRUNDU B\u00c2RG\u0102ULUI<\/td><td>STRUCT<\/td><td>PRUNDU B\u00c2RG\u0102ULUI, Strada Gr\u0103dini\u021bei nr.2 (nr.vechi&nbsp; 141A) gsradupetrescu@yahoo.com<\/td><\/tr><tr><td>3.<\/td><td>GR\u0102DINI\u021aA CU PROGRAM PRELUNGIT SUSENII B\u00c2RG\u0102ULUI<\/td><td>STRUCT<\/td><td>SUSENII B\u00c2RGULUI, Strada Bistri\u021bei nr. 92 (nr. vechi 145) gsradupetrescu@yahoo.com<\/td><\/tr><\/tbody><\/table><\/figure>\n","protected":false},"excerpt":{"rendered":"<p>RE\u021aEA \u0218COLAR\u0102 La nivelul comunei Prundu B\u00e2rg\u0103ului \u00eenv\u0103\u021b\u0103m\u00e2ntul este structurat pe 3 nivele: primar, gimnazial \u0219i liceal Unit\u0103\u0163ile de \u00eenv\u0103\u0163\u0103m\u00e2nt din comuna Prundu B\u00e2rg\u0103ului: Nr. Crt DENUMIRE UNIT. \u0218C. Fel unitate Adres\u0103\/num\u0103r de tel.\/fax\/mail 1. LICEUL TEORETIC \u201dRADU&nbsp; PETRESCU\u201d UIND PRUNDU B\u00c2RG\u0102ULUI, Calea Transilvaniei nr. 151 (nr.vechi 513 ) Tel \/fax 0263265329 gsradupetrescu@yahoo.com 2. GR\u0102DINI\u021aA [&hellip;]<\/p>\n","protected":false},"author":2,"featured_media":806,"parent":0,"menu_order":0,"comment_status":"closed","ping_status":"closed","template":"","meta":{"_et_pb_use_builder":"off","_et_pb_old_content":"","_et_gb_content_width":"","footnotes":""},"class_list":["post-631","page","type-page","status-publish","has-post-thumbnail","hentry"],"_links":{"self":[{"href":"https:\/\/w2.prundubargaului.ro\/index.php\/wp-json\/wp\/v2\/pages\/631","targetHints":{"allow":["GET"]}}],"collection":[{"href":"https:\/\/w2.prundubargaului.ro\/index.php\/wp-json\/wp\/v2\/pages"}],"about":[{"href":"https:\/\/w2.prundubargaului.ro\/index.php\/wp-json\/wp\/v2\/types\/page"}],"author":[{"embeddable":true,"href":"https:\/\/w2.prundubargaului.ro\/index.php\/wp-json\/wp\/v2\/users\/2"}],"replies":[{"embeddable":true,"href":"https:\/\/w2.prundubargaului.ro\/index.php\/wp-json\/wp\/v2\/comments?post=631"}],"version-history":[{"count":0,"href":"https:\/\/w2.prundubargaului.ro\/index.php\/wp-json\/wp\/v2\/pages\/631\/revisions"}],"wp:featuredmedia":[{"embeddable":true,"href":"https:\/\/w2.prundubargaului.ro\/index.php\/wp-json\/wp\/v2\/media\/806"}],"wp:attachment":[{"href":"https:\/\/w2.prundubargaului.ro\/index.php\/wp-json\/wp\/v2\/media?parent=631"}],"curies":[{"name":"wp","href":"https:\/\/api.w.org\/{rel}","templated":true}]}}