{"id":639,"date":"2020-06-14T18:11:37","date_gmt":"2020-06-14T16:11:37","guid":{"rendered":"https:\/\/www.lazaroi.ro\/pb\/?page_id=639"},"modified":"2021-03-01T17:38:11","modified_gmt":"2021-03-01T15:38:11","slug":"comisii-de-specialitate","status":"publish","type":"page","link":"https:\/\/w2.prundubargaului.ro\/index.php\/comisii-de-specialitate\/","title":{"rendered":"Comisii de specialitate"},"content":{"rendered":"\n<p>Consiliului local al comunei Prundu B\u00e2rg\u0103ului are &nbsp;urm\u0103toarele comisii de specialitate, dup\u0103 cum urmeaz\u0103:<\/p>\n\n\n\n<p>I<strong>. Comisia buget-finan\u021be, programe de dezvoltare economico-social\u0103, protec\u021bia mediului \u0219i administrarea domeniului public \u0219i privat al comunei<\/strong><\/p>\n\n\n\n<p>1. Domnul\u00a0 \u00a0POPANDRON TIBERIU-IONU\u021a &#8211; Pre\u0219edinte;<\/p>\n\n\n\n<p>2. Doamna\u00a0 MOI\u0218AN CORINA-MARINA &#8211; Secretar;<\/p>\n\n\n\n<p>3. Domnul\u00a0\u00a0\u00a0 BOZGA DANIEL-VALENTIN &#8211; Membru;<\/p>\n\n\n\n<p>4. Domnul \u00a0CIUREA FLORIN &#8211; Membru;<\/p>\n\n\n\n<p>5. Domnul \u00a0G\u00ceVAN DAN-ADRIAN &#8211; Membru;<\/p>\n\n\n\n<p><strong>II. Comisia pentru amenajarea teritoriului \u0219i urbanism, realizarea lucr\u0103rilor publice, administra\u021bie public\u0103 local\u0103, juridic\u0103, ap\u0103rarea ordinei publice<\/strong><\/p>\n\n\n\n<p>1. Domnul\u00a0\u00a0\u00a0\u00a0 VLAD LEON &#8211; Pre\u0219edinte;<\/p>\n\n\n\n<p>2. Domnul \u00a0\u00a0VLAD D\u0102NU\u021a\u00a0&#8211; Secretar;<\/p>\n\n\n\n<p>3. Domnul\u00a0\u00a0\u00a0 AXENTE IULIAN\u00a0&#8211; Membru;<\/p>\n\n\n\n<p>4. Domnul\u00a0\u00a0\u00a0 CIONCAN IOAN &#8211; Membru;<\/p>\n\n\n\n<p>5. Domnul\u00a0\u00a0 RAUS GEORGE-IOAN &#8211; Membru;<\/p>\n\n\n\n<p>III<strong>. Comisia pentru \u00eenv\u0103\u021b\u0103m\u00e2nt, s\u0103n\u0103tate, cultur\u0103, tineret, sport, turism, protec\u021bie social\u0103, respectarea drepturilor \u0219i libert\u0103\u021bilor omului<\/strong><\/p>\n\n\n\n<p>1. Domnul\u00a0 POP IOAN &#8211; Pre\u0219edinte;<\/p>\n\n\n\n<p>2. Domnul\u00a0 AXENTE IONU\u021a &#8211; Secretar;<\/p>\n\n\n\n<p>3. Domnul\u00a0\u00a0 B\u0102LAN RADU-FLORIN &#8211; Membru;<\/p>\n\n\n\n<p>4. Domnul   PAVELEAN ANDREI\u00a0&#8211; Membru;<\/p>\n\n\n\n<p>5. Domnul\u00a0\u00a0 B\u0102LAN NICOLAE &#8211; Membru.<\/p>\n\n\n\n<hr class=\"wp-block-separator\"\/>\n\n\n\n<p><\/p>\n","protected":false},"excerpt":{"rendered":"<p>Consiliului local al comunei Prundu B\u00e2rg\u0103ului are &nbsp;urm\u0103toarele comisii de specialitate, dup\u0103 cum urmeaz\u0103: I. Comisia buget-finan\u021be, programe de dezvoltare economico-social\u0103, protec\u021bia mediului \u0219i administrarea domeniului public \u0219i privat al comunei 1. Domnul\u00a0 \u00a0POPANDRON TIBERIU-IONU\u021a &#8211; Pre\u0219edinte; 2. Doamna\u00a0 MOI\u0218AN CORINA-MARINA &#8211; Secretar; 3. Domnul\u00a0\u00a0\u00a0 BOZGA DANIEL-VALENTIN &#8211; Membru; 4. Domnul \u00a0CIUREA FLORIN &#8211; Membru; [&hellip;]<\/p>\n","protected":false},"author":2,"featured_media":0,"parent":0,"menu_order":0,"comment_status":"closed","ping_status":"closed","template":"","meta":{"_et_pb_use_builder":"off","_et_pb_old_content":"","_et_gb_content_width":"","footnotes":""},"class_list":["post-639","page","type-page","status-publish","hentry"],"_links":{"self":[{"href":"https:\/\/w2.prundubargaului.ro\/index.php\/wp-json\/wp\/v2\/pages\/639","targetHints":{"allow":["GET"]}}],"collection":[{"href":"https:\/\/w2.prundubargaului.ro\/index.php\/wp-json\/wp\/v2\/pages"}],"about":[{"href":"https:\/\/w2.prundubargaului.ro\/index.php\/wp-json\/wp\/v2\/types\/page"}],"author":[{"embeddable":true,"href":"https:\/\/w2.prundubargaului.ro\/index.php\/wp-json\/wp\/v2\/users\/2"}],"replies":[{"embeddable":true,"href":"https:\/\/w2.prundubargaului.ro\/index.php\/wp-json\/wp\/v2\/comments?post=639"}],"version-history":[{"count":0,"href":"https:\/\/w2.prundubargaului.ro\/index.php\/wp-json\/wp\/v2\/pages\/639\/revisions"}],"wp:attachment":[{"href":"https:\/\/w2.prundubargaului.ro\/index.php\/wp-json\/wp\/v2\/media?parent=639"}],"curies":[{"name":"wp","href":"https:\/\/api.w.org\/{rel}","templated":true}]}}